{"id":14,"date":"2016-11-01T12:47:03","date_gmt":"2016-11-01T12:47:03","guid":{"rendered":"http:\/\/www.jtbs.pl\/?page_id=14"},"modified":"2024-12-20T07:29:57","modified_gmt":"2024-12-20T07:29:57","slug":"kontakt","status":"publish","type":"page","link":"http:\/\/www.jtbs.pl\/?page_id=14","title":{"rendered":"O JTBS"},"content":{"rendered":"<p>Adres Sp\u00f3\u0142ki:<\/p>\n<p>ul. Ksi\u0119dza Jakuba Makary 1<br \/>\n37-500 Jaros\u0142aw,<\/p>\n<p>tel. kontaktowy: 16 621 52 53<\/p>\n<p>Sp\u00f3\u0142k\u0119 reprezentuje Zarz\u0105d w sk\u0142adzie: Prezes Zarz\u0105du Wies\u0142aw Strz\u0119pek<\/p>\n<p>Sk\u0142ad Rady Nadzorczej:<br \/>\nPrzewodnicz\u0105cy Mariusz Prychocin<br \/>\nZast\u0119pca przewodnicz\u0105cego Andrzej Kozak<br \/>\nSekretarz Maria Drabik<\/p>\n<p>Spos\u00f3b reprezentacji:<br \/>\ndw\u00f3ch Cz\u0142onk\u00f3w Zarz\u0105du albo Cz\u0142onek Zarz\u0105du dzia\u0142aj\u0105cy \u0142\u0105cznie z prokurentem, w przypadku Zarz\u0105du jednoosobowego reprezentacja Sp\u00f3\u0142ki jest jednoosobowa.<\/p>\n<p>Wsp\u00f3lnicy:<br \/>\nGmina Miejska Jaros\u0142aw &#8211; 100% udzia\u0142\u00f3w<\/p>\n<p>Kapita\u0142 zak\u0142adowy:<br \/>\n3 658 500 PLN<\/p>\n<p>Sp\u00f3\u0142ka powsta\u0142a w dniu 23.06.1999 r. &#8211; akt notarialny Rep. A nr 2037\/1999 &#8211; Notariusz Bogus\u0142aw Stybel Kancelaria Notarialna w Jaros\u0142awiu; jest zarejestrowana w S\u0105dzie Rejonowym w Rzeszowie XII Wydzia\u0142 Gospodarczy KRS w dniu 10.12.2001 r. pod nr 0000069724<\/p>\n","protected":false},"excerpt":{"rendered":"<p>Adres Sp\u00f3\u0142ki: ul. Ksi\u0119dza Jakuba Makary 1 37-500 Jaros\u0142aw, tel. kontaktowy: 16 621 52 53 Sp\u00f3\u0142k\u0119 reprezentuje Zarz\u0105d w sk\u0142adzie: Prezes Zarz\u0105du Wies\u0142aw Strz\u0119pek Sk\u0142ad Rady Nadzorczej: Przewodnicz\u0105cy Mariusz Prychocin Zast\u0119pca przewodnicz\u0105cego Andrzej Kozak Sekretarz Maria Drabik Spos\u00f3b reprezentacji: dw\u00f3ch Cz\u0142onk\u00f3w Zarz\u0105du albo Cz\u0142onek Zarz\u0105du dzia\u0142aj\u0105cy \u0142\u0105cznie z prokurentem, w przypadku Zarz\u0105du jednoosobowego reprezentacja Sp\u00f3\u0142ki [&hellip;]<\/p>\n","protected":false},"author":1,"featured_media":0,"parent":0,"menu_order":0,"comment_status":"closed","ping_status":"closed","template":"","meta":{"footnotes":""},"class_list":["post-14","page","type-page","status-publish","hentry"],"_links":{"self":[{"href":"http:\/\/www.jtbs.pl\/index.php?rest_route=\/wp\/v2\/pages\/14","targetHints":{"allow":["GET"]}}],"collection":[{"href":"http:\/\/www.jtbs.pl\/index.php?rest_route=\/wp\/v2\/pages"}],"about":[{"href":"http:\/\/www.jtbs.pl\/index.php?rest_route=\/wp\/v2\/types\/page"}],"author":[{"embeddable":true,"href":"http:\/\/www.jtbs.pl\/index.php?rest_route=\/wp\/v2\/users\/1"}],"replies":[{"embeddable":true,"href":"http:\/\/www.jtbs.pl\/index.php?rest_route=%2Fwp%2Fv2%2Fcomments&post=14"}],"version-history":[{"count":7,"href":"http:\/\/www.jtbs.pl\/index.php?rest_route=\/wp\/v2\/pages\/14\/revisions"}],"predecessor-version":[{"id":516,"href":"http:\/\/www.jtbs.pl\/index.php?rest_route=\/wp\/v2\/pages\/14\/revisions\/516"}],"wp:attachment":[{"href":"http:\/\/www.jtbs.pl\/index.php?rest_route=%2Fwp%2Fv2%2Fmedia&parent=14"}],"curies":[{"name":"wp","href":"https:\/\/api.w.org\/{rel}","templated":true}]}}