{"id":25,"date":"2016-11-01T13:06:26","date_gmt":"2016-11-01T13:06:26","guid":{"rendered":"http:\/\/www.jtbs.pl\/?page_id=25"},"modified":"2024-10-01T11:19:23","modified_gmt":"2024-10-01T11:19:23","slug":"wladze-spolki","status":"publish","type":"page","link":"http:\/\/www.jtbs.pl\/?page_id=25","title":{"rendered":"W\u0142adze sp\u00f3\u0142ki"},"content":{"rendered":"<p>Sp\u00f3\u0142k\u0119 reprezentuje Zarz\u0105d w sk\u0142adzie:<\/p>\n<p>Prezes Zarz\u0105du <strong>Wies\u0142aw Strz\u0119pek<\/strong><\/p>\n<p><strong>Sk\u0142ad Rady Nadzorczej:<\/strong><br \/>\nPrzewodnicz\u0105cy <strong>Mariusz Prychocin<\/strong><br \/>\nZast\u0119pca przewodnicz\u0105cego <strong>Andrzej Kozak<\/strong><br \/>\nSekretarz <strong>Maria Drabik<\/strong><\/p>\n<p style=\"text-align: justify;\"><strong>Spos\u00f3b reprezentacji:<\/strong><br \/>\ndw\u00f3ch Cz\u0142onk\u00f3w Zarz\u0105du albo Cz\u0142onek Zarz\u0105du dzia\u0142aj\u0105cy \u0142\u0105cznie z prokurentem, w przypadku Zarz\u0105du jednoosobowego reprezentacja Sp\u00f3\u0142ki jest jednoosobowa.<\/p>\n<p><strong>Wsp\u00f3lnicy:<\/strong><br \/>\nGmina Miejska Jaros\u0142aw \u2013 100% udzia\u0142\u00f3w<\/p>\n<p><strong>NIP:<\/strong> 792-18-79-433<\/p>\n<p><strong>Kapita\u0142 zak\u0142adowy:<\/strong><br \/>\n3 658 500 PLN<\/p>\n<p style=\"text-align: justify;\">Sp\u00f3\u0142ka powsta\u0142a w dniu 23.06.1999 r. \u2013 akt notarialny Rep. A nr 2037\/1999 \u2013 Notariusz Bogus\u0142aw Stybel Kancelaria Notarialna w Jaros\u0142awiu; jest zarejestrowana w S\u0105dzie Rejonowym w Rzeszowie XII Wydzia\u0142 Gospodarczy KRS w dniu 10.12.2001 r. pod nr 000006972<\/p>\n","protected":false},"excerpt":{"rendered":"<p>Sp\u00f3\u0142k\u0119 reprezentuje Zarz\u0105d w sk\u0142adzie: Prezes Zarz\u0105du Wies\u0142aw Strz\u0119pek Sk\u0142ad Rady Nadzorczej: Przewodnicz\u0105cy Mariusz Prychocin Zast\u0119pca przewodnicz\u0105cego Andrzej Kozak Sekretarz Maria Drabik Spos\u00f3b reprezentacji: dw\u00f3ch Cz\u0142onk\u00f3w Zarz\u0105du albo Cz\u0142onek Zarz\u0105du dzia\u0142aj\u0105cy \u0142\u0105cznie z prokurentem, w przypadku Zarz\u0105du jednoosobowego reprezentacja Sp\u00f3\u0142ki jest jednoosobowa. Wsp\u00f3lnicy: Gmina Miejska Jaros\u0142aw \u2013 100% udzia\u0142\u00f3w NIP: 792-18-79-433 Kapita\u0142 zak\u0142adowy: 3 658 [&hellip;]<\/p>\n","protected":false},"author":1,"featured_media":0,"parent":14,"menu_order":0,"comment_status":"closed","ping_status":"closed","template":"","meta":{"footnotes":""},"class_list":["post-25","page","type-page","status-publish","hentry"],"_links":{"self":[{"href":"http:\/\/www.jtbs.pl\/index.php?rest_route=\/wp\/v2\/pages\/25","targetHints":{"allow":["GET"]}}],"collection":[{"href":"http:\/\/www.jtbs.pl\/index.php?rest_route=\/wp\/v2\/pages"}],"about":[{"href":"http:\/\/www.jtbs.pl\/index.php?rest_route=\/wp\/v2\/types\/page"}],"author":[{"embeddable":true,"href":"http:\/\/www.jtbs.pl\/index.php?rest_route=\/wp\/v2\/users\/1"}],"replies":[{"embeddable":true,"href":"http:\/\/www.jtbs.pl\/index.php?rest_route=%2Fwp%2Fv2%2Fcomments&post=25"}],"version-history":[{"count":4,"href":"http:\/\/www.jtbs.pl\/index.php?rest_route=\/wp\/v2\/pages\/25\/revisions"}],"predecessor-version":[{"id":508,"href":"http:\/\/www.jtbs.pl\/index.php?rest_route=\/wp\/v2\/pages\/25\/revisions\/508"}],"up":[{"embeddable":true,"href":"http:\/\/www.jtbs.pl\/index.php?rest_route=\/wp\/v2\/pages\/14"}],"wp:attachment":[{"href":"http:\/\/www.jtbs.pl\/index.php?rest_route=%2Fwp%2Fv2%2Fmedia&parent=25"}],"curies":[{"name":"wp","href":"https:\/\/api.w.org\/{rel}","templated":true}]}}