{"id":28,"date":"2016-11-01T13:10:35","date_gmt":"2016-11-01T13:10:35","guid":{"rendered":"http:\/\/www.jtbs.pl\/?page_id=28"},"modified":"2024-11-05T06:08:21","modified_gmt":"2024-11-05T06:08:21","slug":"adres-i-kontakt","status":"publish","type":"page","link":"http:\/\/www.jtbs.pl\/?page_id=28","title":{"rendered":"Adres i kontakt"},"content":{"rendered":"<p>Adres Sp\u00f3\u0142ki:<br \/>\nul. Ksi\u0119dza Jakuba Makary 1<br \/>\n37-500 Jaros\u0142aw<\/p>\n<p>tel.: 16 621 52 53<\/p>\n<p>tel. kom. 535 105 253<\/p>\n<p>biuro.jtbs@gmail.com<\/p>\n<p>godziny otwarcia biura : 7 &#8211; 15 od pon. do pt.<\/p>\n","protected":false},"excerpt":{"rendered":"<p>Adres Sp\u00f3\u0142ki: ul. Ksi\u0119dza Jakuba Makary 1 37-500 Jaros\u0142aw tel.: 16 621 52 53 tel. kom. 535 105 253 biuro.jtbs@gmail.com godziny otwarcia biura : 7 &#8211; 15 od pon. do pt.<\/p>\n","protected":false},"author":1,"featured_media":0,"parent":14,"menu_order":0,"comment_status":"closed","ping_status":"closed","template":"","meta":{"footnotes":""},"class_list":["post-28","page","type-page","status-publish","hentry"],"_links":{"self":[{"href":"http:\/\/www.jtbs.pl\/index.php?rest_route=\/wp\/v2\/pages\/28","targetHints":{"allow":["GET"]}}],"collection":[{"href":"http:\/\/www.jtbs.pl\/index.php?rest_route=\/wp\/v2\/pages"}],"about":[{"href":"http:\/\/www.jtbs.pl\/index.php?rest_route=\/wp\/v2\/types\/page"}],"author":[{"embeddable":true,"href":"http:\/\/www.jtbs.pl\/index.php?rest_route=\/wp\/v2\/users\/1"}],"replies":[{"embeddable":true,"href":"http:\/\/www.jtbs.pl\/index.php?rest_route=%2Fwp%2Fv2%2Fcomments&post=28"}],"version-history":[{"count":5,"href":"http:\/\/www.jtbs.pl\/index.php?rest_route=\/wp\/v2\/pages\/28\/revisions"}],"predecessor-version":[{"id":511,"href":"http:\/\/www.jtbs.pl\/index.php?rest_route=\/wp\/v2\/pages\/28\/revisions\/511"}],"up":[{"embeddable":true,"href":"http:\/\/www.jtbs.pl\/index.php?rest_route=\/wp\/v2\/pages\/14"}],"wp:attachment":[{"href":"http:\/\/www.jtbs.pl\/index.php?rest_route=%2Fwp%2Fv2%2Fmedia&parent=28"}],"curies":[{"name":"wp","href":"https:\/\/api.w.org\/{rel}","templated":true}]}}