{"id":32,"date":"2016-11-01T13:15:27","date_gmt":"2016-11-01T13:15:27","guid":{"rendered":"http:\/\/www.jtbs.pl\/?page_id=32"},"modified":"2016-11-01T13:15:27","modified_gmt":"2016-11-01T13:15:27","slug":"historia-dzialalnosci","status":"publish","type":"page","link":"http:\/\/www.jtbs.pl\/?page_id=32","title":{"rendered":"Historia dzia\u0142alno\u015bci"},"content":{"rendered":"<p style=\"text-align: justify;\">W dniu 20 grudnia 2005r. nast\u0105pi\u0142o kolejne podwy\u017cszenie kapita\u0142u zak\u0142adowego Jaros\u0142awskiego Towarzystwa Budownictwa Spo\u0142ecznego o kwot\u0119 520 000 z\u0142. Pokrycie podwy\u017cszonego kapita\u0142u nast\u0105pi\u0142o poprzez wniesienie aportu w postaci prawa w\u0142asno\u015bci dzia\u0142ek o powierzchni 1,1792 ha. Dzia\u0142ki zostan\u0105 przeznaczone pod budow\u0119 kolejnych budynk\u00f3w mieszkalnych.<\/p>\n<p>W\u00f3wczas kapita\u0142 zak\u0142adowy wyni\u00f3s\u0142 1 762 500 z\u0142., jedynym Wsp\u00f3lnikiem pozosta\u0142a Gmina Miejska Jaros\u0142aw.<\/p>\n<p>W dniu 3 stycznia nast\u0105pi\u0142a kolejna zmiana Zarz\u0105du Sp\u00f3\u0142ki, w sk\u0142ad Zarz\u0105du weszli:<\/p>\n<p>Zenon Wajda &#8211; Prezes Zarz\u0105du<br \/>\nJan Pels &#8211; Cz\u0142onek Zarz\u0105du<br \/>\nWac\u0142aw \u017bak &#8211; Cz\u0142onek Zarz\u0105du<\/p>\n<p>Z dniem 13 kwietnia Pan Jan Pels z\u0142o\u017cy\u0142 rezygnacj\u0119 z funkcji Cz\u0142onka Zarz\u0105du, w zwi\u0105zku z powy\u017cszym Zarz\u0105d dzia\u0142a w dwuosobowym sk\u0142adzie:<\/p>\n<p>Zenon Wajda &#8211; Prezes Zarz\u0105du<br \/>\nWac\u0142aw \u017bak &#8211; Cz\u0142onek Zarz\u0105du<\/p>\n<p>Kolejne podwy\u017cszenie kapita\u0142u zak\u0142adowego, o 153 500 z\u0142, nast\u0105pi\u0142o z dniem 28 kwietnia 2006 roku. Gmina Miejska Jaros\u0142aw wnios\u0142a do sp\u00f3\u0142ki aportem lokal u\u017cytkowy, po\u0142o\u017cony przy ul. Grunwaldzkiej 6. Wysoko\u015b\u0107 kapita\u0142u zak\u0142adowego wynios\u0142a 1 916 tys. z\u0142.<\/p>\n<p>W dniu 14 czerwca 2006r. nast\u0105pi\u0142o kolejne podwy\u017cszenie kapita\u0142u zak\u0142adowego Jaros\u0142awskiego Towarzystwa Budownictwa Spo\u0142ecznego o kwot\u0119 93 500 z\u0142. Pokrycie podwy\u017cszonego kapita\u0142u nast\u0105pi\u0142o poprzez wniesienie aportu w postaci prawa w\u0142asno\u015bci dzia\u0142ek o powierzchni 0,2028 ha. Dzia\u0142ki zostan\u0105 przeznaczone pod budow\u0119 kolejnych budynk\u00f3w mieszkalnych.<\/p>\n<p>W zwi\u0105zku z rezygnacj\u0105 z pe\u0142nienia funkcji cz\u0142onka zarz\u0105du przez pana Wac\u0142awa \u017baka od 29 stycznia 2007 roku zarz\u0105d sp\u00f3\u0142ki jest jednoosobowy. Sp\u00f3\u0142k\u0119 reprezentuje prezes zarz\u0105du, pan Zenon Wajda.<\/p>\n<p>Zosta\u0142 rozstrzygni\u0119ty przez komisj\u0119 przetarg na wykonanie projektu budowlanego wraz z koncepcj\u0105 architektoniczno-budowlan\u0105 dw\u00f3ch budynk\u00f3w mieszkalnych wielorodzinnych przy ul. Skarbowskiego w Jaros\u0142awiu.<br \/>\nNajkorzystniejsz\u0105 ofert\u0119 z\u0142o\u017cy\u0142a firma: Przedsi\u0119biorstwo Handlu i Us\u0142ug Inwestycyjno-Budowlanych \u201eBISTAL\u201d Kielce na kwot\u0119: 97 539,00 z\u0142.<\/p>\n<p>W dniu 14 czerwca 2007 r. zosta\u0142o udzielone pozwolenie na budow\u0119 dw\u00f3ch budynk\u00f3w mieszkalnych dla 96 rodzin.<\/p>\n<p>W dniu 12 grudnia 2007 r. nast\u0105pi\u0142o kolejne podwy\u017cszenie kapita\u0142u zak\u0142adowego Jaros\u0142awskiego Towarzystwa Budownictwa Spo\u0142ecznego Sp. z o.o. o kwot\u0119 179 000 z\u0142. Pokrycie podwy\u017cszonego kapita\u0142u nast\u0105pi\u0142o poprzez wniesienie aportu w postaci prawa w\u0142asno\u015bci dzia\u0142ek o powierzchni 0,1957 ha przy ul. Syn\u00f3w Pu\u0142ku. Dzia\u0142ki zostan\u0105 przeznaczone pod budow\u0119 kolejnych budynk\u00f3w mieszkalnych.<\/p>\n<p>Kolejne podwy\u017cszenie kapita\u0142u zak\u0142adowego o kwot\u0119 36 500 z\u0142 nast\u0105pi\u0142o z dniem 28 stycznia 2008 roku. Pokrycie podwy\u017cszonego kapita\u0142u nast\u0105pi\u0142o poprzez wniesienie aportu prawa w\u0142asno\u015bci dzia\u0142ki o powierzchni 0,0473 ha. Dzia\u0142ka zostanie przeznaczona pod kolejn\u0105 inwestycj\u0119.<\/p>\n<p>Wysoko\u015b\u0107 Kapita\u0142u zak\u0142adowego wynosi obecnie 2 225 000 z\u0142, jedynym wsp\u00f3lnikiem pozostaje Gmina Miejska Jaros\u0142aw.<\/p>\n<p>W dniu 14 maja 2008 r. zosta\u0142a udzielona Sp\u00f3\u0142ce ze \u015brodk\u00f3w Krajowego Funduszu Mieszkaniowego promesa kredytu na przedsi\u0119wzi\u0119cie inwestycyjno-budowlane: \u201eBudowa dw\u00f3ch budynk\u00f3w mieszkalnych wielorodzinnych zlokalizowanych przy ul. Skarbowskiego w Jaros\u0142awiu o \u0142\u0105cznej liczbie 96 lokali mieszkalnych przeznaczonych na wynajem\u201d.<\/p>\n<p>W dniu 24 czerwca 2008 r. Sp\u00f3\u0142ka og\u0142osi\u0142a post\u0119powanie przetargowe na udzielenie zam\u00f3wienia publicznego na wykonanie inwestycji z 2006 r. \u201eBudowa dw\u00f3ch budynk\u00f3w mieszkalnych wielorodzinnych przy ul. Skarbowskiego w Jaros\u0142awiu\u201d.<\/p>\n<p>Z dniem 8.10.2008r. nast\u0105pi\u0142o podwy\u017cszenie kapita\u0142u zak\u0142adowego o kwot\u0119 184 500 z\u0142otych. Pokrycie podwy\u017cszonego kapita\u0142u nast\u0105pi\u0142o poprzez wniesienie aportu w postaci prawa w\u0142asno\u015bci dw\u00f3ch dzia\u0142ek o \u0142\u0105cznej powierzchni 0,2021 ha, po\u0142o\u017conych przy ulicy Syn\u00f3w Pu\u0142ku w Jaros\u0142awiu. Wniesione aportem dzia\u0142ki przeznaczone s\u0105 pod budow\u0119 budynku mieszkalnego wielorodzinnego.<\/p>\n<p>Na dzie\u0144 8.10.2008r. kapita\u0142 zak\u0142adowy wynosi 2 409 500 z\u0142otych i jest podzielony na 4 819 udzia\u0142\u00f3w po 500 z\u0142otych ka\u017cdy, jedynym wsp\u00f3lnikiem pozostaje Gmina Miejska Jaros\u0142aw.<\/p>\n","protected":false},"excerpt":{"rendered":"<p>W dniu 20 grudnia 2005r. nast\u0105pi\u0142o kolejne podwy\u017cszenie kapita\u0142u zak\u0142adowego Jaros\u0142awskiego Towarzystwa Budownictwa Spo\u0142ecznego o kwot\u0119 520 000 z\u0142. Pokrycie podwy\u017cszonego kapita\u0142u nast\u0105pi\u0142o poprzez wniesienie aportu w postaci prawa w\u0142asno\u015bci dzia\u0142ek o powierzchni 1,1792 ha. Dzia\u0142ki zostan\u0105 przeznaczone pod budow\u0119 kolejnych budynk\u00f3w mieszkalnych. W\u00f3wczas kapita\u0142 zak\u0142adowy wyni\u00f3s\u0142 1 762 500 z\u0142., jedynym Wsp\u00f3lnikiem pozosta\u0142a Gmina [&hellip;]<\/p>\n","protected":false},"author":1,"featured_media":0,"parent":14,"menu_order":0,"comment_status":"closed","ping_status":"closed","template":"","meta":{"footnotes":""},"class_list":["post-32","page","type-page","status-publish","hentry"],"_links":{"self":[{"href":"http:\/\/www.jtbs.pl\/index.php?rest_route=\/wp\/v2\/pages\/32","targetHints":{"allow":["GET"]}}],"collection":[{"href":"http:\/\/www.jtbs.pl\/index.php?rest_route=\/wp\/v2\/pages"}],"about":[{"href":"http:\/\/www.jtbs.pl\/index.php?rest_route=\/wp\/v2\/types\/page"}],"author":[{"embeddable":true,"href":"http:\/\/www.jtbs.pl\/index.php?rest_route=\/wp\/v2\/users\/1"}],"replies":[{"embeddable":true,"href":"http:\/\/www.jtbs.pl\/index.php?rest_route=%2Fwp%2Fv2%2Fcomments&post=32"}],"version-history":[{"count":1,"href":"http:\/\/www.jtbs.pl\/index.php?rest_route=\/wp\/v2\/pages\/32\/revisions"}],"predecessor-version":[{"id":33,"href":"http:\/\/www.jtbs.pl\/index.php?rest_route=\/wp\/v2\/pages\/32\/revisions\/33"}],"up":[{"embeddable":true,"href":"http:\/\/www.jtbs.pl\/index.php?rest_route=\/wp\/v2\/pages\/14"}],"wp:attachment":[{"href":"http:\/\/www.jtbs.pl\/index.php?rest_route=%2Fwp%2Fv2%2Fmedia&parent=32"}],"curies":[{"name":"wp","href":"https:\/\/api.w.org\/{rel}","templated":true}]}}