{"id":361,"date":"2017-10-19T05:30:48","date_gmt":"2017-10-19T05:30:48","guid":{"rendered":"http:\/\/www.jtbs.pl\/?page_id=361"},"modified":"2018-10-18T08:01:36","modified_gmt":"2018-10-18T08:01:36","slug":"przetarg","status":"publish","type":"page","link":"http:\/\/www.jtbs.pl\/?page_id=361","title":{"rendered":"PRZETARGI"},"content":{"rendered":"<h2>\n<style type=\"text\/css\">\n\t<!-- @page { size: 21cm 29.7cm; margin: 2cm } P { margin-bottom: 0.21cm } --><br \/>\n\t<\/style>\n<\/h2>\n<h2>Jaros\u0142awskie Towarzystwo Budownictwa Spo\u0142ecznego Sp. z o.o.<\/h2>\n<p>&nbsp;<\/p>\n<p>Adres Sp\u00f3\u0142ki:<br \/>\nul. Ksi\u0119dza Jakuba Makary 1<br \/>\n37-500 Jaros\u0142aw<\/p>\n<p>tel.: 16 621 52 53 (biuro)<\/p>\n<p>tel. kom. 535 105 253 (Prezes)<\/p>\n<p>biuro.jtbs@gmail. com<\/p>\n<p><strong>OG\u0141OSZENIE O PRZETARGU NA NAJEM LOKALU U\u017bYTKOWEGO<\/strong><\/p>\n<h2>\u00a0Jaros\u0142awskie Towarzystwo Budownictwa Spo\u0142ecznego Sp. z o.o.<\/h2>\n<p><strong>\u00a0og\u0142asza przetarg pisemny nieograniczony na najem nieruchomo\u015bci \u2013 lokalu u\u017cytkowego po\u0142o\u017conego w budynku wielofunkcyjnym w Jaros\u0142awiu przy<br \/>\nul. Skarbowskiego 10<\/strong><\/p>\n<ol>\n<li><strong>Przedmiot przetargu:<\/strong><\/li>\n<\/ol>\n<p>Przedmiotem przetargu jest najem nieruchomo\u015bci &#8211; lokalu u\u017cytkowego o powierzchni 452,72m\u00b2 po\u0142o\u017conego w budynku wielofunkcyjnym w Jaros\u0142awiu przy ul. Skarbowskiego 10\u00a0 ( lokal J ). Lokal przeznaczony jest do najmu na czas nieoznaczony, z przeznaczeniem na prowadzenie\u00a0 dzia\u0142alno\u015bci handlowej.\u00a0 Lokal wyposa\u017cony jest w instalacj\u0119 centralnego ogrzewania, wodno-kanalizacyjn\u0105 i elektryczn\u0105.<\/p>\n<ol start=\"2\">\n<li><strong><strong>Wysoko\u015b\u0107 op\u0142aty z tytu\u0142u najmu:<\/strong><\/strong><\/li>\n<\/ol>\n<p><strong>Cena wywo\u0142awcza\u00a0 miesi\u0119cznego czynszu netto za najem 1m\u00b2 powierzchni wynosi\u00a0 30 z\u0142\/m\u00b2. <\/strong>Czynsz najmu b\u0119dzie p\u0142atny z g\u00f3ry przez Najemc\u0119 co miesi\u0105c w terminie 14 dni od wystawienia faktury na rachunek bankowy Wynajmuj\u0105cego. Waloryzacja czynszu w okresach corocznych w oparciu o wska\u017anik wzrostu cen i us\u0142ug konsumpcyjnych publikowanych przez GUS. Opr\u00f3cz czynszu za najem Najemca\u00a0 lokalu u\u017cytkowego zobowi\u0105zany b\u0119dzie we w\u0142asnym zakresie zawrze\u0107 umowy na dostawy medi\u00f3w i wyw\u00f3z nieczysto\u015bci. Poza czynszem za najem\u00a0 Najemca ponosi koszty ogrzewania wed\u0142ug kalkulacji corocznej.<\/p>\n<ol start=\"3\">\n<li><strong>Termin i miejsce przetargu\u00a0 <\/strong><\/li>\n<\/ol>\n<p>termin przetargu\/otwarcie ofert &#8211; <strong>26 pa\u017adziernika 2017 roku o godz. 11:00.<br \/>\n<\/strong>miejsce przetargu &#8211;\u00a0\u00a0 <strong>Jaros\u0142awskie Towarzystwo Budownictwa Spo\u0142ecznego Sp. z o.o., ul. Ksi\u0119dza \u00a0Jakuba Makary 1 , 37-500 Jaros\u0142aw <\/strong><\/p>\n<ol start=\"4\">\n<li><strong><strong>Udzia\u0142 w przetargu:<\/strong><\/strong><\/li>\n<\/ol>\n<p>Warunkiem przyst\u0105pienia do przetargu jest wniesienie\u00a0 wadium <strong>w kwocie 13\u00a0500,00 z\u0142<\/strong>. ( trzyna\u015bcie tysi\u0119cy pi\u0119\u0107set z\u0142otych ) na konto Jaros\u0142awskiego Towarzystwo Budownictwa Spo\u0142ecznego Sp. z o.o. <strong>\u00a0<\/strong>nr 63 8642 1201 2025 2100 8926 0002 w PBS o\/Jaros\u0142aw.<\/p>\n<p>Za dat\u0119 wp\u0142acenia wadium\u00a0 uwa\u017ca si\u0119 wp\u0142yw \u015brodk\u00f3w pieni\u0119\u017cnych na rachunek bankowy Jaros\u0142awskiego Towarzystwo Budownictwa Spo\u0142ecznego Sp. z o.o.<br \/>\nOferty nale\u017cy sk\u0142ada\u0107 do dnia\u00a0\u00a026 pa\u017adziernika 2017 roku do godziny 10:00 w sekretariacie Jaros\u0142awskiego Towarzystwo Budownictwa Spo\u0142ecznego Sp. z o.o., ul ksi\u0119dza Jakuba Makary 1, 37-500 Jaros\u0142aw, w zamkni\u0119tej kopercie z dopiskiem:\u00a0<strong>\u201ePrzetarg na najem nieruchomo\u015bci &#8211; lokal u\u017cytkowy w JTBS \u201d.<\/strong><\/p>\n<p><strong>Pisemna oferta powinna zawiera\u0107:<br \/>\n<\/strong>1)\u00a0 imi\u0119 i nazwisko oraz adres oferenta lub nazw\u0119 i adres firmy, je\u017celi oferentem jest osoba prawna,<br \/>\n2)\u00a0 proponowan\u0105 wysoko\u015b\u0107 czynszu za najem 1m\u00b2 powierzchni lokalu,<br \/>\n3)\u00a0\u00a0o\u015bwiadczenie, \u017ce oferent zapozna\u0142 si\u0119 z warunkami przetargu i przyjmuje te warunki bez zastrze\u017ce\u0144,<\/p>\n<p>4) dokumenty wymagane w pkt. III ust. 1 instrukcji dla oferent\u00f3w,<br \/>\n5)\u00a0dow\u00f3d wp\u0142aty wadium,<br \/>\n6)\u00a0dat\u0119 sporz\u0105dzenia oferty.<br \/>\nOferent, kt\u00f3ry wygra\u0142 przetarg zostanie powiadomiony w terminie 7 dni pisemnie lub telefonicznie o fakcie wygrania przetargu, terminie i miejscu zawarcia umowy.<br \/>\nWp\u0142acone wadium przez uczestnika, kt\u00f3ry przetarg wygra zalicza si\u0119 na poczet pierwszego czynszu za najem. Pozosta\u0142ym uczestnikom przetargu wadium zwraca si\u0119 niezw\u0142ocznie jednak nie p\u00f3\u017aniej ni\u017c przed up\u0142ywem 3 dni od dnia przetargu, na podany przez uczestnika rachunek bankowy.<\/p>\n<ol start=\"5\">\n<li><strong><strong>Kryteria wyboru oferty:<\/strong><\/strong><\/li>\n<\/ol>\n<p>Najwy\u017csza proponowana cena czynszu\u00a0 za najem 1m\u00b2 powierzchni lokalu.<\/p>\n<ol start=\"6\">\n<li><strong>Skutki uchylania si\u0119 od zawarcia umowy najmu:<\/strong><\/li>\n<\/ol>\n<p>Wadium przepada, a organizator mo\u017ce odst\u0105pi\u0107 od zawarcia umowy, je\u017celi osoba, kt\u00f3ra przetarg wygra nie stawi si\u0119 w miejscu i terminie wskazanym przez organizatora do zawarcia umowy najmu.<br \/>\n<strong><em>Zastrzega si\u0119 prawo swobodnego wyboru oferty, prawo uniewa\u017cnienia przetargu oraz prawo zamkni\u0119cia przetargu bez wybrania kt\u00f3rejkolwiek z ofert bez podania przyczyny.<br \/>\n<\/em><\/strong>Szczeg\u00f3\u0142owe informacje dotycz\u0105ce przetargu mo\u017cna uzyska\u0107 w siedzibie Jaros\u0142awskiego Towarzystwa Budownictwa Spo\u0142ecznego Sp. z o.o. , ul. Ksi\u0119dza Jakuba Makary 1, 37-500 Jaros\u0142aw lub telefonicznie pod nr \u00a0604\u00a0451\u00a0128 ( Prezes Zarz\u0105du) lub\u00a0 16 621 52 53 (biuro JTBS).<\/p>\n<p>Wi\u0119cej informacji na stronie internetowej <a href=\"http:\/\/www.jtbs.pl\">www.jtbs.pl<\/a> oraz <a href=\"http:\/\/www.jaroslaw.pl\">www.jaroslaw.pl<\/a><\/p>\n<p>&nbsp;<\/p>\n<p><strong>P R E Z E S\u00a0\u00a0 Z A R Z \u0104 D U\u00a0 <\/strong><\/p>\n<p><strong>\u00a0\u00a0\u00a0\u00a0 Kazimierz Piotrowicz <\/strong><\/p>\n<h1><a href=\"http:\/\/www.jtbs.pl\/wp-content\/uploads\/2017\/10\/za\u0142\u0105cznik-nr-1-OFERTA.doc\">za\u0142\u0105cznik nr 1 &#8211; OFERTA<\/a><\/h1>\n<h1><a href=\"http:\/\/www.jtbs.pl\/wp-content\/uploads\/2017\/10\/za\u0142\u0105cznik-nr-2-O\u015aWIADCZENIE.doc\">za\u0142\u0105cznik nr 2 O\u015aWIADCZENIE<\/a><\/h1>\n<h1><a href=\"http:\/\/www.jtbs.pl\/wp-content\/uploads\/2017\/10\/INSTRUKCJA-DLA-OFERENT\u00d3W.doc\">INSTRUKCJA DLA OFERENT\u00d3W <\/a><a href=\"http:\/\/www.jtbs.pl\/\">JTBS<\/a><\/h1>\n","protected":false},"excerpt":{"rendered":"<p>Jaros\u0142awskie Towarzystwo Budownictwa Spo\u0142ecznego Sp. z o.o. &nbsp; Adres Sp\u00f3\u0142ki: ul. Ksi\u0119dza Jakuba Makary 1 37-500 Jaros\u0142aw tel.: 16 621 52 53 (biuro) tel. kom. 535 105 253 (Prezes) biuro.jtbs@gmail. com OG\u0141OSZENIE O PRZETARGU NA NAJEM LOKALU U\u017bYTKOWEGO \u00a0Jaros\u0142awskie Towarzystwo Budownictwa Spo\u0142ecznego Sp. z o.o. \u00a0og\u0142asza przetarg pisemny nieograniczony na najem nieruchomo\u015bci \u2013 lokalu u\u017cytkowego [&hellip;]<\/p>\n","protected":false},"author":2,"featured_media":0,"parent":0,"menu_order":0,"comment_status":"closed","ping_status":"closed","template":"","meta":{"footnotes":""},"class_list":["post-361","page","type-page","status-publish","hentry"],"_links":{"self":[{"href":"http:\/\/www.jtbs.pl\/index.php?rest_route=\/wp\/v2\/pages\/361","targetHints":{"allow":["GET"]}}],"collection":[{"href":"http:\/\/www.jtbs.pl\/index.php?rest_route=\/wp\/v2\/pages"}],"about":[{"href":"http:\/\/www.jtbs.pl\/index.php?rest_route=\/wp\/v2\/types\/page"}],"author":[{"embeddable":true,"href":"http:\/\/www.jtbs.pl\/index.php?rest_route=\/wp\/v2\/users\/2"}],"replies":[{"embeddable":true,"href":"http:\/\/www.jtbs.pl\/index.php?rest_route=%2Fwp%2Fv2%2Fcomments&post=361"}],"version-history":[{"count":9,"href":"http:\/\/www.jtbs.pl\/index.php?rest_route=\/wp\/v2\/pages\/361\/revisions"}],"predecessor-version":[{"id":507,"href":"http:\/\/www.jtbs.pl\/index.php?rest_route=\/wp\/v2\/pages\/361\/revisions\/507"}],"wp:attachment":[{"href":"http:\/\/www.jtbs.pl\/index.php?rest_route=%2Fwp%2Fv2%2Fmedia&parent=361"}],"curies":[{"name":"wp","href":"https:\/\/api.w.org\/{rel}","templated":true}]}}