{"id":37,"date":"2016-11-02T06:42:13","date_gmt":"2016-11-02T06:42:13","guid":{"rendered":"http:\/\/www.jtbs.pl\/?page_id=37"},"modified":"2020-11-24T10:45:55","modified_gmt":"2020-11-24T10:45:55","slug":"nowa-inwestycja","status":"publish","type":"page","link":"http:\/\/www.jtbs.pl\/?page_id=37","title":{"rendered":"Nowa inwestycja"},"content":{"rendered":"<p><strong>JTBS Sp. z o.o. informuje, \u017ce wszystkie lokale mieszkalne i u\u017cytkowe, w budynku przy ul. Skarbowskiego 10, zosta\u0142y sprzedane.<\/strong><br \/>\nObecnie JTBS Sp. z o.o. nie dysponuje wolnymi lokalami.<\/p>\n","protected":false},"excerpt":{"rendered":"<p>JTBS Sp. z o.o. informuje, \u017ce wszystkie lokale mieszkalne i u\u017cytkowe, w budynku przy ul. Skarbowskiego 10, zosta\u0142y sprzedane. Obecnie JTBS Sp. z o.o. nie dysponuje wolnymi lokalami.<\/p>\n","protected":false},"author":1,"featured_media":0,"parent":0,"menu_order":0,"comment_status":"closed","ping_status":"closed","template":"","meta":{"footnotes":""},"class_list":["post-37","page","type-page","status-publish","hentry"],"_links":{"self":[{"href":"http:\/\/www.jtbs.pl\/index.php?rest_route=\/wp\/v2\/pages\/37","targetHints":{"allow":["GET"]}}],"collection":[{"href":"http:\/\/www.jtbs.pl\/index.php?rest_route=\/wp\/v2\/pages"}],"about":[{"href":"http:\/\/www.jtbs.pl\/index.php?rest_route=\/wp\/v2\/types\/page"}],"author":[{"embeddable":true,"href":"http:\/\/www.jtbs.pl\/index.php?rest_route=\/wp\/v2\/users\/1"}],"replies":[{"embeddable":true,"href":"http:\/\/www.jtbs.pl\/index.php?rest_route=%2Fwp%2Fv2%2Fcomments&post=37"}],"version-history":[{"count":14,"href":"http:\/\/www.jtbs.pl\/index.php?rest_route=\/wp\/v2\/pages\/37\/revisions"}],"predecessor-version":[{"id":474,"href":"http:\/\/www.jtbs.pl\/index.php?rest_route=\/wp\/v2\/pages\/37\/revisions\/474"}],"wp:attachment":[{"href":"http:\/\/www.jtbs.pl\/index.php?rest_route=%2Fwp%2Fv2%2Fmedia&parent=37"}],"curies":[{"name":"wp","href":"https:\/\/api.w.org\/{rel}","templated":true}]}}