{"id":41,"date":"2016-11-02T06:32:10","date_gmt":"2016-11-02T06:32:10","guid":{"rendered":"http:\/\/www.jtbs.pl\/?page_id=41"},"modified":"2020-07-28T08:29:10","modified_gmt":"2020-07-28T08:29:10","slug":"mieszkania-czynszowe","status":"publish","type":"page","link":"http:\/\/www.jtbs.pl\/?page_id=41","title":{"rendered":"Mieszkania czynszowe"},"content":{"rendered":"<p><a href=\"http:\/\/www.jtbs.pl\/wp-content\/uploads\/2020\/07\/O\u015bwiadczenie-o-zmianie-os\u00f3b-zamieszkuj\u0105cych-z-g\u0142\u00f3wnym-najemc\u0105.pdf\">O\u015bwiadczenie o zmianie os\u00f3b zamieszkuj\u0105cych z g\u0142\u00f3wnym najemc\u0105<\/a><\/p>\n","protected":false},"excerpt":{"rendered":"<p>O\u015bwiadczenie o zmianie os\u00f3b zamieszkuj\u0105cych z g\u0142\u00f3wnym najemc\u0105<\/p>\n","protected":false},"author":1,"featured_media":0,"parent":0,"menu_order":0,"comment_status":"closed","ping_status":"closed","template":"","meta":{"footnotes":""},"class_list":["post-41","page","type-page","status-publish","hentry"],"_links":{"self":[{"href":"http:\/\/www.jtbs.pl\/index.php?rest_route=\/wp\/v2\/pages\/41","targetHints":{"allow":["GET"]}}],"collection":[{"href":"http:\/\/www.jtbs.pl\/index.php?rest_route=\/wp\/v2\/pages"}],"about":[{"href":"http:\/\/www.jtbs.pl\/index.php?rest_route=\/wp\/v2\/types\/page"}],"author":[{"embeddable":true,"href":"http:\/\/www.jtbs.pl\/index.php?rest_route=\/wp\/v2\/users\/1"}],"replies":[{"embeddable":true,"href":"http:\/\/www.jtbs.pl\/index.php?rest_route=%2Fwp%2Fv2%2Fcomments&post=41"}],"version-history":[{"count":2,"href":"http:\/\/www.jtbs.pl\/index.php?rest_route=\/wp\/v2\/pages\/41\/revisions"}],"predecessor-version":[{"id":467,"href":"http:\/\/www.jtbs.pl\/index.php?rest_route=\/wp\/v2\/pages\/41\/revisions\/467"}],"wp:attachment":[{"href":"http:\/\/www.jtbs.pl\/index.php?rest_route=%2Fwp%2Fv2%2Fmedia&parent=41"}],"curies":[{"name":"wp","href":"https:\/\/api.w.org\/{rel}","templated":true}]}}