{"id":431,"date":"2018-10-18T07:59:49","date_gmt":"2018-10-18T07:59:49","guid":{"rendered":"http:\/\/www.jtbs.pl\/?page_id=431"},"modified":"2020-11-24T10:48:54","modified_gmt":"2020-11-24T10:48:54","slug":"lokale-na-sprzedaz","status":"publish","type":"page","link":"http:\/\/www.jtbs.pl\/?page_id=431","title":{"rendered":"Lokale na sprzeda\u017c"},"content":{"rendered":"<p>KOMUNIKAT Listopad 2020r.<br \/>\nINFORMUJEMY, \u017ce obecnie JTBS Sp.z o.o. nie dysponuje \u017cadnymi lokalami na sprzeda\u017c.<\/p>\n<p align=\"CENTER\"><strong>\u00a0<\/strong><\/p>\n<p align=\"CENTER\"><strong>JTBS Sp. z o.o. informuje, \u017ce lokale u\u017cytkowe&#8221;D&#8221; i &#8222;E&#8221;\u00a0 w budynku przy ul. Skarbowskiego 10, zosta\u0142y sprzedane.<\/strong><\/p>\n<p align=\"CENTER\"><span style=\"color: #3333ff;\"><span style=\"font-size: large;\">LOKALE U\u017bYTKOWE \u2013 D<b>o Sprzeda\u017cy:<\/b><\/span><\/span><\/p>\n<p align=\"CENTER\"><span style=\"font-size: large;\"><b>Jaros\u0142awskie Towarzystwo Budownictwa Spo\u0142ecznego Sp. z o.o. sprzeda dwa samodzielne lokale u\u017cytkowe wraz z udzia\u0142em w cz\u0119\u015bciach nieruchomo\u015bci wsp\u00f3lnej, kt\u00f3r\u0105 stanowi grunt oraz cz\u0119\u015bci budynku i urz\u0105dzenia, kt\u00f3re nie s\u0142u\u017c\u0105 wy\u0142\u0105cznie do u\u017cytku w\u0142a\u015bcicieli lokali na ul. Skarbowskiego 10 (za parkiem)<\/b><\/span><\/p>\n<p align=\"JUSTIFY\"><span style=\"color: #3333ff;\"><span style=\"font-size: medium;\"><b>LOKAL Nr 1 &#8211; <\/b><\/span><span style=\"font-size: medium;\"><b>37-500 Jaros\u0142aw ul. Skarbowskiego 10. Lokal oznaczony jako \u201eD\u201d &#8211; 62,50 <\/b><\/span><span style=\"font-size: medium;\"><b>m<\/b><\/span><span style=\"font-family: 'Times New Roman', serif;\"><span style=\"font-size: medium;\"><b>\u00b2 (<\/b><\/span><\/span><span style=\"font-size: medium;\"><b>6250\/386060). Cena 233740,00 z\u0142 netto (287500,00 z\u0142 brutto). 4600.00 z\u0142.\/m<span style=\"font-family: 'Times New Roman', serif;\">\u00b2<\/span><br \/>\n<\/b><\/span><\/span><\/p>\n<p align=\"JUSTIFY\"><span style=\"font-size: medium;\">Budynek z lokalem usytuowany jest na dzia\u0142ce nr 3648\/1, obr\u0119b 4 w Jaros\u0142awiu. <\/span><\/p>\n<p align=\"JUSTIFY\"><span style=\"font-size: medium;\">Nieruchomo\u015b\u0107 posiada zapewniony bezpo\u015bredni dost\u0119p do drogi publicznej ulicy im. Kazimierza Skarbowskiego. <\/span><\/p>\n<p align=\"JUSTIFY\"><span style=\"font-size: medium;\"><b>Lokal \u201eD\u201d widnieje w ksi\u0119dze wieczystej KW Nr PR1J\/00104557\/2. Wyodr\u0119bnienie lokalu z w\/w KW i za\u0142o\u017cenie dla niego odr\u0119bnej KW nast\u0105pi po podpisaniu aktu notarialnego przeniesienia w\u0142asno\u015bci z nowym w\u0142a\u015bcicielem.<\/b><\/span><\/p>\n<p align=\"JUSTIFY\"><span style=\"color: #3333ff;\"><span style=\"font-size: small;\"><span style=\"font-size: medium;\"><b>LOKAL Nr 2 &#8211; <\/b><\/span><span style=\"font-size: medium;\"><b>37-500 Jaros\u0142aw ul. Skarbowskiego 10. Lokal oznaczony jako \u201eE\u201d &#8211; 81,20 m<\/b><\/span><span style=\"font-family: 'Times New Roman', serif;\"><span style=\"font-size: medium;\"><b>\u00b2 (<\/b><\/span><\/span><span style=\"font-size: medium;\"><b>8120\/386060). Cena 303675,00 z\u0142 netto (373520,00 z\u0142 brutto). 4600.00 z\u0142.\/m<span style=\"font-family: 'Times New Roman', serif;\">\u00b2<\/span><br \/>\n<\/b><\/span><\/span><\/span><\/p>\n<p align=\"JUSTIFY\"><span style=\"font-size: medium;\">Budynek z lokalem usytuowany jest na dzia\u0142ce nr 3648\/1, obr\u0119b 4 w Jaros\u0142awiu. Nieruchomo\u015b\u0107 posiada zapewniony bezpo\u015bredni dost\u0119p do drogi publicznej ulicy im. Kazimierza Skarbowskiego.<\/span><\/p>\n<p align=\"JUSTIFY\"><span style=\"font-size: medium;\"><b>Lokal \u201eE\u201d widnieje w ksi\u0119dze wieczystej KW Nr PR1J\/00104557\/2. Wyodr\u0119bnienie lokalu z w\/w KW i za\u0142o\u017cenie dla niego odr\u0119bnej KW nast\u0105pi po podpisaniu aktu notarialnego przeniesienia w\u0142asno\u015bci z nowym w\u0142a\u015bcicielem.<\/b><\/span><\/p>\n<ol>\n<li>\n<p align=\"JUSTIFY\"><span style=\"font-size: medium;\"><b>Nieruchomo\u015bci wolne s\u0105 od wszelkich obci\u0105\u017ce\u0144 na rzecz os\u00f3b trzecich i nie s\u0105 przedmiotem zobowi\u0105za\u0144. Nabywca przejmuje nieruchomo\u015b\u0107 w stanie istniej\u0105cym. Zbywca nie ponosi odpowiedzialno\u015bci za wady ukryte nieruchomo\u015bci. Z chwil\u0105 zawarcia umowy notarialnej przechodz\u0105 na kupuj\u0105cego wszelkie korzy\u015bci i ci\u0119\u017cary zwi\u0105zane z w\u0142asno\u015bci\u0105 lokalu, w tym obowi\u0105zek ponoszenia koszt\u00f3w zarz\u0105du zwi\u0105zanych z utrzymaniem nieruchomo\u015bci. <\/b><\/span><\/p>\n<p align=\"JUSTIFY\"><span style=\"font-size: medium;\"><b>W szczeg\u00f3lno\u015bci ww. obowi\u0105zek dotyczy uiszczania w przypadaj\u0105cym na Nabywc\u0119 udziale koszt\u00f3w remont\u00f3w nieruchomo\u015bci wsp\u00f3lnej, realizowanych na podstawie uchwa\u0142 wsp\u00f3lnoty mieszkaniowej, w tym podj\u0119tych, a niezrealizowanych przed dniem zawarcia umowy sprzeda\u017cy lokalu. Obowi\u0105zek dostosowania lokalu do prowadzenia w nim zamierzonej dzia\u0142alno\u015bci oraz uzyskania w tym zakresie stosownych pozwole\u0144, je\u017celi takie b\u0119d\u0105 wymagane, spoczywa na Nabywcy. <\/b><\/span><\/p>\n<\/li>\n<li>\n<p align=\"JUSTIFY\"><span style=\"font-size: medium;\"><b>Cena obejmuje cen\u0119 lokalu wraz z udzia\u0142em w cz\u0119\u015bciach nieruchomo\u015bci wsp\u00f3lnej, kt\u00f3r\u0105 stanowi grunt oraz cz\u0119\u015bci budynku i urz\u0105dzenia, kt\u00f3re nie s\u0142u\u017c\u0105 wy\u0142\u0105cznie do u\u017cytku w\u0142a\u015bcicieli lokali.<\/b><\/span><\/p>\n<\/li>\n<li>\n<p align=\"JUSTIFY\"><span style=\"font-size: medium;\"><b>Cena udzia\u0142u w cz\u0119\u015bciach nieruchomo\u015bci wsp\u00f3lnej, zawarta jest w cenie nieruchomo\u015bci.<\/b><\/span><\/p>\n<\/li>\n<li>\n<p align=\"JUSTIFY\"><span style=\"font-size: medium;\"><b>Cudzoziemcy mog\u0105 naby\u0107 nieruchomo\u015b\u0107 na podstawie przepis\u00f3w ustawy z dnia 24 marca 1920 r. o nabywaniu nieruchomo\u015bci przez cudzoziemc\u00f3w (Dz.U.2017.2278 t.j. z dnia 2017.12.07). <\/b><\/span><\/p>\n<\/li>\n<li>\n<p align=\"JUSTIFY\"><span style=\"font-size: medium;\">Lokale mo\u017cna ogl\u0105da\u0107 w dni robocze (opr\u00f3cz sob\u00f3t) <b>w godzinach od 9.00 do 14.00<\/b> po wcze\u015bniejszym ustaleniu terminu pod numerem telefonu <b>535 105 253, 604 451 128 lub 16 621 52 53<\/b> (Prezes Zarz\u0105du Sp\u00f3\u0142ki) oraz w innym terminie po indywidualnym uzgodnieniu terminu.<\/span><\/p>\n<\/li>\n<\/ol>\n<p align=\"LEFT\"><span style=\"font-size: medium;\"><b>ZAWARCIE UMOWY<\/b><\/span><\/p>\n<ol>\n<li>\n<p align=\"JUSTIFY\"><span style=\"font-size: medium;\"><b>Nabywca jest zobowi\u0105zany zap\u0142aci\u0107 cen\u0119 nabycia przed ustalonym terminem zawarcia umowy sprzeda\u017cy (liczy si\u0119 data wp\u0142ywu \u015brodk\u00f3w na konto Sp\u00f3\u0142ki). W dniu podpisania umowy notarialnej \u015brodki finansowe musz\u0105 znajdowa\u0107 si\u0119 na rachunku bankowym Sp\u00f3\u0142ki. <\/b><\/span><\/p>\n<\/li>\n<\/ol>\n<p align=\"LEFT\"><span style=\"font-size: medium;\"><b>INNE INFORMACJE<\/b><\/span><\/p>\n<ol>\n<li>\n<p align=\"JUSTIFY\"><span style=\"font-size: medium;\">Wszelkie koszty i op\u0142aty (w tym koszty notarialne) zwi\u0105zane z zawarciem umowy oraz koszty przygotowania nieruchomo\u015bci do sprzeda\u017cy (np. wypis i wyrys z rejestru grunt\u00f3w i budynk\u00f3w, odpis z KW itp.), ponosi nabywca.<\/span><\/p>\n<\/li>\n<li>\n<p align=\"JUSTIFY\"><span style=\"font-size: medium;\"><b>Dodatkowe informacje pod numerem telefonu 535 105 253, 604 451 128 lub 16 621 52 53 (Prezes Zarz\u0105du Sp\u00f3\u0142ki Kazimierz Piotrowicz) oraz w siedzibie Sp\u00f3\u0142ki w Jaros\u0142awiu ul. Ks. J. Makary 1. <\/b><\/span><\/p>\n<\/li>\n<\/ol>\n","protected":false},"excerpt":{"rendered":"<p>KOMUNIKAT Listopad 2020r. INFORMUJEMY, \u017ce obecnie JTBS Sp.z o.o. nie dysponuje \u017cadnymi lokalami na sprzeda\u017c. \u00a0 JTBS Sp. z o.o. informuje, \u017ce lokale u\u017cytkowe&#8221;D&#8221; i &#8222;E&#8221;\u00a0 w budynku przy ul. Skarbowskiego 10, zosta\u0142y sprzedane. LOKALE U\u017bYTKOWE \u2013 Do Sprzeda\u017cy: Jaros\u0142awskie Towarzystwo Budownictwa Spo\u0142ecznego Sp. z o.o. sprzeda dwa samodzielne lokale u\u017cytkowe wraz z udzia\u0142em w [&hellip;]<\/p>\n","protected":false},"author":2,"featured_media":0,"parent":0,"menu_order":0,"comment_status":"closed","ping_status":"closed","template":"","meta":{"footnotes":""},"class_list":["post-431","page","type-page","status-publish","hentry"],"_links":{"self":[{"href":"http:\/\/www.jtbs.pl\/index.php?rest_route=\/wp\/v2\/pages\/431","targetHints":{"allow":["GET"]}}],"collection":[{"href":"http:\/\/www.jtbs.pl\/index.php?rest_route=\/wp\/v2\/pages"}],"about":[{"href":"http:\/\/www.jtbs.pl\/index.php?rest_route=\/wp\/v2\/types\/page"}],"author":[{"embeddable":true,"href":"http:\/\/www.jtbs.pl\/index.php?rest_route=\/wp\/v2\/users\/2"}],"replies":[{"embeddable":true,"href":"http:\/\/www.jtbs.pl\/index.php?rest_route=%2Fwp%2Fv2%2Fcomments&post=431"}],"version-history":[{"count":9,"href":"http:\/\/www.jtbs.pl\/index.php?rest_route=\/wp\/v2\/pages\/431\/revisions"}],"predecessor-version":[{"id":475,"href":"http:\/\/www.jtbs.pl\/index.php?rest_route=\/wp\/v2\/pages\/431\/revisions\/475"}],"wp:attachment":[{"href":"http:\/\/www.jtbs.pl\/index.php?rest_route=%2Fwp%2Fv2%2Fmedia&parent=431"}],"curies":[{"name":"wp","href":"https:\/\/api.w.org\/{rel}","templated":true}]}}