{"id":5,"date":"2016-10-31T15:13:16","date_gmt":"2016-10-31T15:13:16","guid":{"rendered":"http:\/\/www.jtbs.pl\/?page_id=5"},"modified":"2025-01-28T11:17:56","modified_gmt":"2025-01-28T11:17:56","slug":"start","status":"publish","type":"page","link":"http:\/\/www.jtbs.pl\/","title":{"rendered":"Witamy w JTBS!"},"content":{"rendered":"<style type=\"text\/css\">\n\t<!-- @page { size: 21cm 29.7cm; margin: 2cm } P { margin-bottom: 0.21cm } --><br \/>\t<\/style>\n<div class=\"entry-header has-post-format\">\n<h2>Komunikat: JTBS wstrzymuje bezpo\u015bredni\u0105 obs\u0142ug\u0119 interesant\u00f3w<\/h2>\n<\/div>\n<div class=\"icons\">\u00a0Zgodnie z rekomendacj\u0105 wydan\u0105 w zwi\u0105zku z konieczno\u015bci\u0105 przeciwdzia\u0142ania rozprzestrzenianiu si\u0119 koronawirusa oraz w trosce o Pa\u0144stwa bezpiecze\u0144stwo Jaros\u0142awskie TBS Sp. z o.o. podj\u0119\u0142o decyzj\u0119 o wstrzymaniu bezpo\u015bredniej obs\u0142ugi interesant\u00f3w w biurze Sp\u00f3\u0142ki od dnia 16 marca 2020 r. do odwo\u0142ania. Bardzo prosimy o Pa\u0144stwa wyrozumia\u0142o\u015b\u0107 oraz zg\u0142aszanie wy\u0142\u0105cznie pilnych spraw telefonicznie, lub mailowo<\/div>\n<div class=\"icons\">tel. prezes 535105253<\/div>\n<div class=\"icons\">tel. administracja 16 6215253<\/div>\n<div class=\"icons\"><strong>biuro.jtbs@gmail.com<\/strong><\/div>\n<div class=\"icons\"><\/div>\n<div class=\"icons\"><\/div>\n<div class=\"icons\"><\/div>\n<div class=\"icons\"><\/div>\n<div class=\"icons\"><\/div>\n<div class=\"icons\"><\/div>\n<div class=\"icons\"><\/div>\n<div class=\"icons\"><\/div>\n<div class=\"icons\"><\/div>\n<div class=\"icons\"><\/div>\n<div class=\"icons\"><\/div>\n<div class=\"icons\"><\/div>\n<div class=\"icons\"><\/div>\n<div class=\"icons\"><\/div>\n<div class=\"icons\"><\/div>\n<div class=\"icons\"><\/div>\n<div class=\"icons\"><\/div>\n<div class=\"icons\"><\/div>\n<div class=\"icons\"><\/div>\n<p><strong><u>KLAUZULA INFORMACYJNA<br \/>\n<\/u><\/strong><\/p>\n<p>Jar<em>os\u0142awskie Towarzystwo Budownictwa Spo\u0142ecznego Sp. z o.o. ul. Ks. Jakuba Makary 1, 37-500 Jaros\u0142aw informuje, \u017ce jest Administratorem Danych Osobowych: <\/em><\/p>\n<p>najemc\u00f3w i partycypant\u00f3w oraz ich rodzin; kt\u00f3rzy zamieszkuj\u0105 w zasobach Sp\u00f3\u0142ki bez tytu\u0142u prawnego; os\u00f3b b\u0119d\u0105cych przysz\u0142ymi najemcami i ich rodzin; w\u0142a\u015bcicieli oraz ich rodzin; kt\u00f3rzy posiadaj\u0105 prawo odr\u0119bnej w\u0142asno\u015bci lokalu; os\u00f3b b\u0119d\u0105cych przysz\u0142ymi w\u0142a\u015bcicielami i ich rodzin; oferent\u00f3w sk\u0142adaj\u0105cych oferty, dokumenty przetargowe.<\/p>\n<p><em>\u00a0Cel przetwarzania: <\/em>Dane osobowe przetwarzane s\u0105 przez administratora w celach realizacji zada\u0144, obowi\u0105zk\u00f3w i uprawnie\u0144 okre\u015blonych w Umowie i Regulaminie Sp\u00f3\u0142ki oraz powszechnie obowi\u0105zuj\u0105cych przepisach prawa a zwi\u0105zanych z prowadzeniem dzia\u0142alno\u015bci budowania dom\u00f3w mieszkalnych i ich eksploatacji na zasadach najmu oraz zarz\u0105dzanie i administrowanie nieruchomo\u015bciami.<\/p>\n<p><em>\u00a0Podstawa prawna przetwarzania wynika m.in. z:<\/em><\/p>\n<ol>\n<li>Ustawy z dnia 10 maja 2018 r. o ochronie danych osobowych (Dz. U. 2018 r. poz. 1000)<\/li>\n<li>Ustawy z dnia 26 pa\u017adziernika 1995 roku o niekt\u00f3rych formach popierania budownictwa mieszkaniowego (Dz. U. z 2018 r. poz. 1020, 1540.)<\/li>\n<\/ol>\n<ol start=\"3\">\n<li>Ustawy z dnia 21 czerwca 2001 o ochronie praw lokator\u00f3w, mieszkaniowym zasobie gminy i o zmianie kodeksu cywilnego (Dz. U. 2018 poz. 1234, 1496)<\/li>\n<\/ol>\n<ol start=\"4\">\n<li>Ustawy z dnia 16 wrze\u015bnia 2011 r. o ochronie praw nabywcy lokalu mieszkalnego lub domu jednorodzinnego (Dz. U. 2017 r. poz. 1468)<\/li>\n<\/ol>\n<ol start=\"5\">\n<li>Ustawy z dnia 29 stycznia 2004 r. Prawo Zam\u00f3wie\u0144 Publicznych <strong>(Dz. U. z 2017 r. poz. <\/strong><\/li>\n<\/ol>\n<p><strong>\u00a0\u00a0\u00a0 1579, 2018 oraz z 2018 r. poz. 1560, 1603, 1669 i 1693)<\/strong><\/p>\n<p><em>Odbiorcami Pani\/Pana danych mog\u0105 by\u0107<\/em> partnerzy, banki, operatorzy pocztowi, przewo\u017anicy, firmy drukuj\u0105ce korespondencj\u0119 lub obs\u0142uguj\u0105ce korespondencj\u0119 otrzymywan\u0105 od klient\u00f3w, firmy archiwizuj\u0105ce dokumenty.<\/p>\n<p><em>Pani\/Pana dane osobowe b\u0119d\u0105 przechowywane przez<\/em><em> okres <\/em>wype\u0142nienia obowi\u0105zku prawnego Administratora wynikaj\u0105cego z przepis\u00f3w prawa b\u0105d\u017a gdy dane osobowe przetwarzane na podstawie odr\u0119bnej zgody b\u0119d\u0105 przechowywane do czasu jej odwo\u0142ania.<\/p>\n<p><em>Dane mog\u0105 by\u0107 udost\u0119pnione odbiorcom uprawnionym do ich pozyskania wy\u0142\u0105cznie na podstawie przepis\u00f3w prawa.<\/em><\/p>\n<p><em>Pani\/Pana dane osobowe nie b\u0119d\u0105 przekazywane do pa\u0144stwa trzeciego lub organizacji mi\u0119dzynarodowej.<\/em><\/p>\n<p><em>Posiada Pan\/Pani <\/em><em>prawo do \u017c\u0105dania od administratora dost\u0119pu do danych osobowych dotycz\u0105cych osoby, kt\u00f3rej dane dotycz\u0105, ich sprostowania, usuni\u0119cia lub ograniczenia przetwarzania, prawo do wniesienia sprzeciwu wobec przetwarzania, a tak\u017ce prawo do przenoszenia danych i prawo do cofni\u0119cia zgody w dowolnym momencie (bez wp\u0142ywu na zgodno\u015b\u0107 z prawem przetwarzania, kt\u00f3rego dokonano na podstawie zgody przed jej cofni\u0119ciem), wniesienia skargi do organu nadzorczego<\/em><\/p>\n<p><em>Obowi\u0105zek podania danych osobowych jest wymogiem ustawowym i warunkiem zawarcia umowy.<\/em><\/p>\n<p><em>Pani\/Pana dane nie b\u0119d\u0105 przetwarzane w spos\u00f3b zautomatyzowany, w tym profilowaniu.<\/em><\/p>\n","protected":false},"excerpt":{"rendered":"<p>Komunikat: JTBS wstrzymuje bezpo\u015bredni\u0105 obs\u0142ug\u0119 interesant\u00f3w \u00a0Zgodnie z rekomendacj\u0105 wydan\u0105 w zwi\u0105zku z konieczno\u015bci\u0105 przeciwdzia\u0142ania rozprzestrzenianiu si\u0119 koronawirusa oraz w trosce o Pa\u0144stwa bezpiecze\u0144stwo Jaros\u0142awskie TBS Sp. z o.o. podj\u0119\u0142o decyzj\u0119 o wstrzymaniu bezpo\u015bredniej obs\u0142ugi interesant\u00f3w w biurze Sp\u00f3\u0142ki od dnia 16 marca 2020 r. do odwo\u0142ania. Bardzo prosimy o Pa\u0144stwa wyrozumia\u0142o\u015b\u0107 oraz zg\u0142aszanie wy\u0142\u0105cznie [&hellip;]<\/p>\n","protected":false},"author":1,"featured_media":0,"parent":0,"menu_order":0,"comment_status":"closed","ping_status":"closed","template":"templates\/home-page.php","meta":{"footnotes":""},"class_list":["post-5","page","type-page","status-publish","hentry"],"_links":{"self":[{"href":"http:\/\/www.jtbs.pl\/index.php?rest_route=\/wp\/v2\/pages\/5","targetHints":{"allow":["GET"]}}],"collection":[{"href":"http:\/\/www.jtbs.pl\/index.php?rest_route=\/wp\/v2\/pages"}],"about":[{"href":"http:\/\/www.jtbs.pl\/index.php?rest_route=\/wp\/v2\/types\/page"}],"author":[{"embeddable":true,"href":"http:\/\/www.jtbs.pl\/index.php?rest_route=\/wp\/v2\/users\/1"}],"replies":[{"embeddable":true,"href":"http:\/\/www.jtbs.pl\/index.php?rest_route=%2Fwp%2Fv2%2Fcomments&post=5"}],"version-history":[{"count":36,"href":"http:\/\/www.jtbs.pl\/index.php?rest_route=\/wp\/v2\/pages\/5\/revisions"}],"predecessor-version":[{"id":527,"href":"http:\/\/www.jtbs.pl\/index.php?rest_route=\/wp\/v2\/pages\/5\/revisions\/527"}],"wp:attachment":[{"href":"http:\/\/www.jtbs.pl\/index.php?rest_route=%2Fwp%2Fv2%2Fmedia&parent=5"}],"curies":[{"name":"wp","href":"https:\/\/api.w.org\/{rel}","templated":true}]}}