{"id":53,"date":"2016-11-02T06:45:38","date_gmt":"2016-11-02T06:45:38","guid":{"rendered":"http:\/\/www.jtbs.pl\/?page_id=53"},"modified":"2017-08-04T09:04:40","modified_gmt":"2017-08-04T09:04:40","slug":"rezerwacje","status":"publish","type":"page","link":"http:\/\/www.jtbs.pl\/?page_id=53","title":{"rendered":"Rezerwacje"},"content":{"rendered":"\n<table id=\"tablepress-2\" class=\"tablepress tablepress-id-2\">\n<thead>\n<tr class=\"row-1 odd\">\n\t<th class=\"column-1\">Pi\u0119tro<\/th><th class=\"column-2\">Nr mieszkania w projekcie<\/th><th class=\"column-3\">Powierzchnia w m\u00b2<\/th><th class=\"column-4\">Rzut mieszkania<\/th><th class=\"column-5\">Dost\u0119pno\u015b\u0107<\/th>\n<\/tr>\n<\/thead>\n<tbody class=\"row-hover\">\n<tr class=\"row-2 even\">\n\t<td class=\"column-1\">0<\/td><td class=\"column-2\">1<\/td><td class=\"column-3\">48,50<\/td><td class=\"column-4\"><\/td><td class=\"column-5\">sprzedane<\/td>\n<\/tr>\n<tr class=\"row-3 odd\">\n\t<td class=\"column-1\">0<\/td><td class=\"column-2\">2<\/td><td class=\"column-3\">88,55<\/td><td class=\"column-4\"><\/td><td class=\"column-5\">sprzedane<\/td>\n<\/tr>\n<tr class=\"row-4 even\">\n\t<td class=\"column-1\">1<\/td><td class=\"column-2\">3<\/td><td class=\"column-3\">65,55<\/td><td class=\"column-4\"><a href=\"http:\/\/www.jtbs.pl\/wp-content\/uploads\/2016\/11\/p1-3.jpg\">p1-3<\/a><\/td><td class=\"column-5\">sprzedane<\/td>\n<\/tr>\n<tr class=\"row-5 odd\">\n\t<td class=\"column-1\">1<\/td><td class=\"column-2\">4<\/td><td class=\"column-3\">64,80<\/td><td class=\"column-4\"><a href=\"http:\/\/www.jtbs.pl\/wp-content\/uploads\/2016\/11\/p1-4.jpg\">p1-4<\/a><\/td><td class=\"column-5\">sprzedane<br \/>\n<\/td>\n<\/tr>\n<tr class=\"row-6 even\">\n\t<td class=\"column-1\">1<\/td><td class=\"column-2\">4a<\/td><td class=\"column-3\">46,40<\/td><td class=\"column-4\"><a href=\"http:\/\/www.jtbs.pl\/wp-content\/uploads\/2016\/11\/p1-4a.jpg\">p1-4a<\/a><\/td><td class=\"column-5\">sprzedane<\/td>\n<\/tr>\n<tr class=\"row-7 odd\">\n\t<td class=\"column-1\">2<\/td><td class=\"column-2\">5<\/td><td class=\"column-3\">65,55<\/td><td class=\"column-4\"><a href=\"http:\/\/www.jtbs.pl\/wp-content\/uploads\/2016\/11\/p2-5.jpg\">p2-5<\/a><\/td><td class=\"column-5\">sprzedane<\/td>\n<\/tr>\n<tr class=\"row-8 even\">\n\t<td class=\"column-1\">2<\/td><td class=\"column-2\">6<\/td><td class=\"column-3\">64,40<\/td><td class=\"column-4\"><a href=\"http:\/\/www.jtbs.pl\/wp-content\/uploads\/2016\/11\/p2-6.jpg\">p2-6<\/a><\/td><td class=\"column-5\">sprzedane<\/td>\n<\/tr>\n<tr class=\"row-9 odd\">\n\t<td class=\"column-1\">2<\/td><td class=\"column-2\">6a<\/td><td class=\"column-3\">46,40<\/td><td class=\"column-4\"><a href=\"http:\/\/www.jtbs.pl\/wp-content\/uploads\/2016\/11\/p2-6a.jpg\">p2-6a<\/a><\/td><td class=\"column-5\">sprzedane<\/td>\n<\/tr>\n<tr class=\"row-10 even\">\n\t<td class=\"column-1\">3<\/td><td class=\"column-2\">7<\/td><td class=\"column-3\">65,55<\/td><td class=\"column-4\"><a href=\"http:\/\/www.jtbs.pl\/wp-content\/uploads\/2016\/11\/p3-7.jpg\">p3-7<\/a><\/td><td class=\"column-5\">sprzedane<\/td>\n<\/tr>\n<tr class=\"row-11 odd\">\n\t<td class=\"column-1\">3<\/td><td class=\"column-2\">8<\/td><td class=\"column-3\">64,80<\/td><td class=\"column-4\"><a href=\"http:\/\/www.jtbs.pl\/wp-content\/uploads\/2016\/11\/p3-8.jpg\">p3-8<\/a><\/td><td class=\"column-5\">sprzedane<\/td>\n<\/tr>\n<tr class=\"row-12 even\">\n\t<td class=\"column-1\">3<\/td><td class=\"column-2\">8a<\/td><td class=\"column-3\">46,40<\/td><td class=\"column-4\"><a href=\"http:\/\/www.jtbs.pl\/wp-content\/uploads\/2016\/11\/p3-8a.jpg\">p3-8a<\/a><\/td><td class=\"column-5\">sprzedane<\/td>\n<\/tr>\n<tr class=\"row-13 odd\">\n\t<td class=\"column-1\">0<\/td><td class=\"column-2\">9<\/td><td class=\"column-3\">59,95<\/td><td class=\"column-4\"><\/td><td class=\"column-5\">sprzedane<\/td>\n<\/tr>\n<tr class=\"row-14 even\">\n\t<td class=\"column-1\">0<\/td><td class=\"column-2\">10<\/td><td class=\"column-3\">41,70<\/td><td class=\"column-4\"><\/td><td class=\"column-5\">sprzedane<\/td>\n<\/tr>\n<tr class=\"row-15 odd\">\n\t<td class=\"column-1\">1<\/td><td class=\"column-2\">11<\/td><td class=\"column-3\">60,85<\/td><td class=\"column-4\"><a href=\"http:\/\/www.jtbs.pl\/wp-content\/uploads\/2016\/11\/p1-11.jpg\">p1-11<\/a><\/td><td class=\"column-5\">sprzedane<\/td>\n<\/tr>\n<tr class=\"row-16 even\">\n\t<td class=\"column-1\">1<\/td><td class=\"column-2\">12<\/td><td class=\"column-3\">80,80<\/td><td class=\"column-4\"><a href=\"http:\/\/www.jtbs.pl\/wp-content\/uploads\/2016\/11\/p1-12.jpg\">p1-12<\/a><\/td><td class=\"column-5\">sprzedane<\/td>\n<\/tr>\n<tr class=\"row-17 odd\">\n\t<td class=\"column-1\">2<\/td><td class=\"column-2\">13<\/td><td class=\"column-3\">60,85<\/td><td class=\"column-4\"><a href=\"http:\/\/www.jtbs.pl\/wp-content\/uploads\/2016\/11\/p2-13.jpg\">p2-13<\/a><\/td><td class=\"column-5\">sprzedane<\/td>\n<\/tr>\n<tr class=\"row-18 even\">\n\t<td class=\"column-1\">2<\/td><td class=\"column-2\">14<\/td><td class=\"column-3\">80,80<\/td><td class=\"column-4\"><a href=\"http:\/\/www.jtbs.pl\/wp-content\/uploads\/2016\/11\/p2-14.jpg\">p2-14<\/a><\/td><td class=\"column-5\">sprzedane<\/td>\n<\/tr>\n<tr class=\"row-19 odd\">\n\t<td class=\"column-1\">3<\/td><td class=\"column-2\">15<\/td><td class=\"column-3\">60,85<\/td><td class=\"column-4\"><a href=\"http:\/\/www.jtbs.pl\/wp-content\/uploads\/2016\/11\/p3-15.jpg\">p3-15<\/a><\/td><td class=\"column-5\">sprzedane<\/td>\n<\/tr>\n<tr class=\"row-20 even\">\n\t<td class=\"column-1\">3<\/td><td class=\"column-2\">16<\/td><td class=\"column-3\">80,80<\/td><td class=\"column-4\"><a href=\"http:\/\/www.jtbs.pl\/wp-content\/uploads\/2016\/11\/p3-16.jpg\">p3-16<\/a><\/td><td class=\"column-5\">sprzedane<\/td>\n<\/tr>\n<tr class=\"row-21 odd\">\n\t<td class=\"column-1\">0<\/td><td class=\"column-2\">17<\/td><td class=\"column-3\">41,20<\/td><td class=\"column-4\"><\/td><td class=\"column-5\">sprzedane<\/td>\n<\/tr>\n<tr class=\"row-22 even\">\n\t<td class=\"column-1\">0<\/td><td class=\"column-2\">18<\/td><td class=\"column-3\">60,60<\/td><td class=\"column-4\"><\/td><td class=\"column-5\">sprzedane <\/td>\n<\/tr>\n<tr class=\"row-23 odd\">\n\t<td class=\"column-1\">1<\/td><td class=\"column-2\">19<\/td><td class=\"column-3\">70,85<\/td><td class=\"column-4\"><a href=\"http:\/\/www.jtbs.pl\/wp-content\/uploads\/2016\/11\/p1-19.jpg\">p1-19<\/a><\/td><td class=\"column-5\">sprzedane<\/td>\n<\/tr>\n<tr class=\"row-24 even\">\n\t<td class=\"column-1\">1<\/td><td class=\"column-2\">20<\/td><td class=\"column-3\">61,45<\/td><td class=\"column-4\"><a href=\"http:\/\/www.jtbs.pl\/wp-content\/uploads\/2016\/11\/p1-20.jpg\">p1-20<\/a><\/td><td class=\"column-5\">sprzedane<br \/>\n<\/td>\n<\/tr>\n<tr class=\"row-25 odd\">\n\t<td class=\"column-1\">2<\/td><td class=\"column-2\">21<\/td><td class=\"column-3\">70,85<\/td><td class=\"column-4\"><a href=\"http:\/\/www.jtbs.pl\/wp-content\/uploads\/2016\/11\/p2-21.jpg\">p2-21<\/a><\/td><td class=\"column-5\">sprzedane<\/td>\n<\/tr>\n<tr class=\"row-26 even\">\n\t<td class=\"column-1\">2<\/td><td class=\"column-2\">22<\/td><td class=\"column-3\">61,45<\/td><td class=\"column-4\"><a href=\"http:\/\/www.jtbs.pl\/wp-content\/uploads\/2016\/11\/p2-22.jpg\">p2-22<\/a><\/td><td class=\"column-5\">sprzedane<br \/>\n<\/td>\n<\/tr>\n<tr class=\"row-27 odd\">\n\t<td class=\"column-1\">3<\/td><td class=\"column-2\">23<\/td><td class=\"column-3\">70,85<\/td><td class=\"column-4\"><a href=\"http:\/\/www.jtbs.pl\/wp-content\/uploads\/2016\/11\/p3-23.jpg\">p3-23<\/a><\/td><td class=\"column-5\">sprzedane<\/td>\n<\/tr>\n<tr class=\"row-28 even\">\n\t<td class=\"column-1\">3<\/td><td class=\"column-2\">24<\/td><td class=\"column-3\">61,45<\/td><td class=\"column-4\"><a href=\"http:\/\/www.jtbs.pl\/wp-content\/uploads\/2016\/11\/p3-24.jpg\">p3-24<\/a><\/td><td class=\"column-5\">sprzedane<\/td>\n<\/tr>\n<tr class=\"row-29 odd\">\n\t<td class=\"column-1\">0<\/td><td class=\"column-2\">25<\/td><td class=\"column-3\">60,65<\/td><td class=\"column-4\"><\/td><td class=\"column-5\">sprzedane<\/td>\n<\/tr>\n<tr class=\"row-30 even\">\n\t<td class=\"column-1\">0<\/td><td class=\"column-2\">26<\/td><td class=\"column-3\">41,45<\/td><td class=\"column-4\"><\/td><td class=\"column-5\">sprzedane<\/td>\n<\/tr>\n<tr class=\"row-31 odd\">\n\t<td class=\"column-1\">1<\/td><td class=\"column-2\">27<\/td><td class=\"column-3\">61,60<\/td><td class=\"column-4\"><a href=\"http:\/\/www.jtbs.pl\/wp-content\/uploads\/2016\/11\/p1-27.jpg\">p1-27<\/a><\/td><td class=\"column-5\">sprzedane<\/td>\n<\/tr>\n<tr class=\"row-32 even\">\n\t<td class=\"column-1\">1<\/td><td class=\"column-2\">28<\/td><td class=\"column-3\">71,00<\/td><td class=\"column-4\"><a href=\"http:\/\/www.jtbs.pl\/wp-content\/uploads\/2016\/11\/p1-28.jpg\">p1-28<\/a><\/td><td class=\"column-5\">sprzedane<\/td>\n<\/tr>\n<tr class=\"row-33 odd\">\n\t<td class=\"column-1\">2<\/td><td class=\"column-2\">29<\/td><td class=\"column-3\">61,60<\/td><td class=\"column-4\"><a href=\"http:\/\/www.jtbs.pl\/wp-content\/uploads\/2016\/11\/p2-29.jpg\">p2-29<\/a><\/td><td class=\"column-5\">sprzedane<br \/>\n<\/td>\n<\/tr>\n<tr class=\"row-34 even\">\n\t<td class=\"column-1\">2<\/td><td class=\"column-2\">30<\/td><td class=\"column-3\">71,00<\/td><td class=\"column-4\"><a href=\"http:\/\/www.jtbs.pl\/wp-content\/uploads\/2016\/11\/p2-30.jpg\">p2-30<\/a><\/td><td class=\"column-5\">sprzedane<\/td>\n<\/tr>\n<tr class=\"row-35 odd\">\n\t<td class=\"column-1\">3<\/td><td class=\"column-2\">31<\/td><td class=\"column-3\">61,60<\/td><td class=\"column-4\"><a href=\"http:\/\/www.jtbs.pl\/wp-content\/uploads\/2016\/11\/p3-31.jpg\">p3-31<\/a><\/td><td class=\"column-5\">sprzedane<\/td>\n<\/tr>\n<tr class=\"row-36 even\">\n\t<td class=\"column-1\">3<\/td><td class=\"column-2\">32<\/td><td class=\"column-3\">71,00<\/td><td class=\"column-4\"><a href=\"http:\/\/www.jtbs.pl\/wp-content\/uploads\/2016\/11\/p3-32.jpg\">p3-32<\/a><\/td><td class=\"column-5\">sprzedane<\/td>\n<\/tr>\n<tr class=\"row-37 odd\">\n\t<td class=\"column-1\">0<\/td><td class=\"column-2\">33<\/td><td class=\"column-3\">65,85<\/td><td class=\"column-4\"><\/td><td class=\"column-5\">sprzedane<\/td>\n<\/tr>\n<tr class=\"row-38 even\">\n\t<td class=\"column-1\">0<\/td><td class=\"column-2\">34<\/td><td class=\"column-3\">60,70<\/td><td class=\"column-4\"><\/td><td class=\"column-5\">sprzedane<\/td>\n<\/tr>\n<tr class=\"row-39 odd\">\n\t<td class=\"column-1\">1<\/td><td class=\"column-2\">35<\/td><td class=\"column-3\">65,80<\/td><td class=\"column-4\"><a href=\"http:\/\/www.jtbs.pl\/wp-content\/uploads\/2016\/11\/p1-35.jpg\">p1-35<\/a><\/td><td class=\"column-5\">sprzedane<\/td>\n<\/tr>\n<tr class=\"row-40 even\">\n\t<td class=\"column-1\">1<\/td><td class=\"column-2\">36<\/td><td class=\"column-3\">60,70<\/td><td class=\"column-4\"><\/td><td class=\"column-5\">sprzedane<br \/>\n<\/td>\n<\/tr>\n<tr class=\"row-41 odd\">\n\t<td class=\"column-1\">2<\/td><td class=\"column-2\">37<\/td><td class=\"column-3\">49,75<\/td><td class=\"column-4\"><a href=\"http:\/\/www.jtbs.pl\/wp-content\/uploads\/2016\/11\/p2-37.jpg\">p2-37<\/a><\/td><td class=\"column-5\">sprzedane<\/td>\n<\/tr>\n<tr class=\"row-42 even\">\n\t<td class=\"column-1\">2<\/td><td class=\"column-2\">37a<\/td><td class=\"column-3\">31,35<\/td><td class=\"column-4\"><a href=\"http:\/\/www.jtbs.pl\/wp-content\/uploads\/2016\/11\/p2-37a.jpg\">p2-37a<\/a><\/td><td class=\"column-5\">sprzedane<\/td>\n<\/tr>\n<tr class=\"row-43 odd\">\n\t<td class=\"column-1\">2<\/td><td class=\"column-2\">38<\/td><td class=\"column-3\">44,75<\/td><td class=\"column-4\"><a href=\"http:\/\/www.jtbs.pl\/wp-content\/uploads\/2016\/11\/p2-38.jpg\">p2-38<\/a><\/td><td class=\"column-5\">sprzedane<\/td>\n<\/tr>\n<tr class=\"row-44 even\">\n\t<td class=\"column-1\">3<\/td><td class=\"column-2\">39<\/td><td class=\"column-3\">49,75<\/td><td class=\"column-4\"><a href=\"http:\/\/www.jtbs.pl\/wp-content\/uploads\/2016\/11\/p3-39.jpg\">p3-39<\/a><\/td><td class=\"column-5\">sprzedane<\/td>\n<\/tr>\n<tr class=\"row-45 odd\">\n\t<td class=\"column-1\">3<\/td><td class=\"column-2\">39a<\/td><td class=\"column-3\">31,35<\/td><td class=\"column-4\"><a href=\"http:\/\/www.jtbs.pl\/wp-content\/uploads\/2016\/11\/p3-39a.jpg\">p3-39a<\/a><\/td><td class=\"column-5\">sprzedane<\/td>\n<\/tr>\n<tr class=\"row-46 even\">\n\t<td class=\"column-1\">3<\/td><td class=\"column-2\">40<\/td><td class=\"column-3\">44,75<\/td><td class=\"column-4\"><a href=\"http:\/\/www.jtbs.pl\/wp-content\/uploads\/2016\/11\/p3-40.jpg\">p3-40<\/a><\/td><td class=\"column-5\">sprzedane<\/td>\n<\/tr>\n<tr class=\"row-47 odd\">\n\t<td class=\"column-1\">0<\/td><td class=\"column-2\">41<\/td><td class=\"column-3\">58,15<\/td><td class=\"column-4\"><\/td><td class=\"column-5\">sprzedane<\/td>\n<\/tr>\n<tr class=\"row-48 even\">\n\t<td class=\"column-1\">0<\/td><td class=\"column-2\">42<\/td><td class=\"column-3\">65,85<\/td><td class=\"column-4\"><\/td><td class=\"column-5\">sprzedane<\/td>\n<\/tr>\n<tr class=\"row-49 odd\">\n\t<td class=\"column-1\">1<\/td><td class=\"column-2\">43<\/td><td class=\"column-3\">44,05<\/td><td class=\"column-4\"><a href=\"http:\/\/www.jtbs.pl\/wp-content\/uploads\/2016\/11\/p1-43.jpg\">p1-43<\/a><\/td><td class=\"column-5\">sprzedane<\/td>\n<\/tr>\n<tr class=\"row-50 even\">\n\t<td class=\"column-1\">1<\/td><td class=\"column-2\">44<\/td><td class=\"column-3\">49,65<\/td><td class=\"column-4\"><a href=\"http:\/\/www.jtbs.pl\/wp-content\/uploads\/2016\/11\/p1-44.jpg\">p1-44<\/a><\/td><td class=\"column-5\">sprzedane<\/td>\n<\/tr>\n<tr class=\"row-51 odd\">\n\t<td class=\"column-1\">1<\/td><td class=\"column-2\">44a<\/td><td class=\"column-3\">30,05<\/td><td class=\"column-4\"><a href=\"http:\/\/www.jtbs.pl\/wp-content\/uploads\/2016\/11\/p1-44a.jpg\">p1-44a<\/a><\/td><td class=\"column-5\">sprzedane<\/td>\n<\/tr>\n<tr class=\"row-52 even\">\n\t<td class=\"column-1\">2<\/td><td class=\"column-2\">45<\/td><td class=\"column-3\">44,05<\/td><td class=\"column-4\"><a href=\"http:\/\/www.jtbs.pl\/wp-content\/uploads\/2016\/11\/p2-45.jpg\">p2-45<\/a><\/td><td class=\"column-5\">sprzedane<\/td>\n<\/tr>\n<tr class=\"row-53 odd\">\n\t<td class=\"column-1\">2<\/td><td class=\"column-2\">46<\/td><td class=\"column-3\">49,65<\/td><td class=\"column-4\"><a href=\"http:\/\/www.jtbs.pl\/wp-content\/uploads\/2016\/11\/p2-46.jpg\">p2-46<\/a><\/td><td class=\"column-5\">sprzedane<\/td>\n<\/tr>\n<tr class=\"row-54 even\">\n\t<td class=\"column-1\">2<\/td><td class=\"column-2\">46a<\/td><td class=\"column-3\">30,05<\/td><td class=\"column-4\"><a href=\"http:\/\/www.jtbs.pl\/wp-content\/uploads\/2016\/11\/p2-46a.jpg\">p2-46a<\/a><\/td><td class=\"column-5\">sprzedane<\/td>\n<\/tr>\n<tr class=\"row-55 odd\">\n\t<td class=\"column-1\">3<\/td><td class=\"column-2\">47<\/td><td class=\"column-3\">44,05<\/td><td class=\"column-4\"><a href=\"http:\/\/www.jtbs.pl\/wp-content\/uploads\/2016\/11\/p3-47.jpg\">p3-47<\/a><\/td><td class=\"column-5\">sprzedane<\/td>\n<\/tr>\n<tr class=\"row-56 even\">\n\t<td class=\"column-1\">3<\/td><td class=\"column-2\">48<\/td><td class=\"column-3\">49,65<\/td><td class=\"column-4\"><a href=\"http:\/\/www.jtbs.pl\/wp-content\/uploads\/2016\/11\/p3-48.jpg\">p3-48<\/a><\/td><td class=\"column-5\">sprzedane<\/td>\n<\/tr>\n<tr class=\"row-57 odd\">\n\t<td class=\"column-1\">3<\/td><td class=\"column-2\">48a<\/td><td class=\"column-3\">30,05<\/td><td class=\"column-4\"><a href=\"http:\/\/www.jtbs.pl\/wp-content\/uploads\/2016\/11\/p3-48a.jpg\">p3-48a<\/a><\/td><td class=\"column-5\">sprzedane<\/td>\n<\/tr>\n<\/tbody>\n<\/table>\n<!-- #tablepress-2 from cache -->\n","protected":false},"excerpt":{"rendered":"","protected":false},"author":1,"featured_media":0,"parent":37,"menu_order":0,"comment_status":"closed","ping_status":"closed","template":"","meta":{"footnotes":""},"class_list":["post-53","page","type-page","status-publish","hentry"],"_links":{"self":[{"href":"http:\/\/www.jtbs.pl\/index.php?rest_route=\/wp\/v2\/pages\/53","targetHints":{"allow":["GET"]}}],"collection":[{"href":"http:\/\/www.jtbs.pl\/index.php?rest_route=\/wp\/v2\/pages"}],"about":[{"href":"http:\/\/www.jtbs.pl\/index.php?rest_route=\/wp\/v2\/types\/page"}],"author":[{"embeddable":true,"href":"http:\/\/www.jtbs.pl\/index.php?rest_route=\/wp\/v2\/users\/1"}],"replies":[{"embeddable":true,"href":"http:\/\/www.jtbs.pl\/index.php?rest_route=%2Fwp%2Fv2%2Fcomments&post=53"}],"version-history":[{"count":5,"href":"http:\/\/www.jtbs.pl\/index.php?rest_route=\/wp\/v2\/pages\/53\/revisions"}],"predecessor-version":[{"id":331,"href":"http:\/\/www.jtbs.pl\/index.php?rest_route=\/wp\/v2\/pages\/53\/revisions\/331"}],"up":[{"embeddable":true,"href":"http:\/\/www.jtbs.pl\/index.php?rest_route=\/wp\/v2\/pages\/37"}],"wp:attachment":[{"href":"http:\/\/www.jtbs.pl\/index.php?rest_route=%2Fwp%2Fv2%2Fmedia&parent=53"}],"curies":[{"name":"wp","href":"https:\/\/api.w.org\/{rel}","templated":true}]}}