{"id":81,"date":"2016-11-02T12:37:14","date_gmt":"2016-11-02T12:37:14","guid":{"rendered":"http:\/\/www.jtbs.pl\/?page_id=81"},"modified":"2016-11-02T21:37:27","modified_gmt":"2016-11-02T21:37:27","slug":"prawo","status":"publish","type":"page","link":"http:\/\/www.jtbs.pl\/?page_id=81","title":{"rendered":"Prawo"},"content":{"rendered":"<p style=\"text-align: justify;\">Towarzystwa Budownictwa Spo\u0142ecznego zosta\u0142y powo\u0142ane do \u017cycia na podstawie Ustawy o niekt\u00f3rych formach popierania budownictwa mieszkaniowego z dnia 26.10.1995 r. (Dz. U. z 1996 r. Nr 133, poz. 654; z p\u00f3\u017a. zmian.) oraz Rozporz\u0105dzenia Rady Ministr\u00f3w z dnia 4 lipca 2000 roku (Dz. U. Nr 62) w sprawie warunk\u00f3w i trybu udzielania kredyt\u00f3w i po\u017cyczek ze \u015brodk\u00f3w Krajowego Funduszu Mieszkaniowego oraz niekt\u00f3rych wymaga\u0144 dotycz\u0105cych lokali i budynk\u00f3w finansowanych przy udziale tych \u015brodk\u00f3w.<br \/>\nPoni\u017csza ustawa zgodnie z za\u0142o\u017ceniami polityki mieszkaniowej Pa\u0144stwa ma za zadanie stworzy\u0107 podstawy do rozwoju budownictwa mieszkaniowego jak r\u00f3wnie\u017c umo\u017cliwi\u0107 pozyskanie mieszka\u0144 przez \u015brednio zamo\u017cne grupy spo\u0142eczne.<\/p>\n<ul>\n<li><a href=\"http:\/\/www.jtbs.pl\/wp-content\/uploads\/2016\/11\/ustawa26101995.pdf\">Ustawa z dnia 26 pa\u017adziernika 1995 r. o niekt\u00f3rych formach popierania budownictwa mieszkaniowego<\/a><\/li>\n<li><a href=\"http:\/\/www.jtbs.pl\/wp-content\/uploads\/2016\/11\/ustawa27082004.pdf\">Ustawa z dnia 27 sierpnia 2004 r. o zmianie ustawy o niekt\u00f3rych formach popierania budownictwa mieszkaniowego (Dz.U. 2004 Nr 213, poz. 2157)<\/a><\/li>\n<li><a href=\"http:\/\/www.jtbs.pl\/wp-content\/uploads\/2016\/11\/ustawa26101995tekstjednolity.pdf\">Przygotowany przez Izb\u0119 Gospodarcz\u0105 TBS tekst jednolity ustawy o niekt\u00f3rych formach, zawieraj\u0105cy wszystkie zmiany na dzie\u0144 1.10.2004 r.<\/a><\/li>\n<li><a href=\"http:\/\/www.jtbs.pl\/wp-content\/uploads\/2016\/11\/ustawa21062001.pdf\">Ustawa o ochronie praw lokator\u00f3w, mieszkaniowym zasobie gminy i o zmianie Kodeksu cywilnego<\/a><\/li>\n<\/ul>\n<p style=\"text-align: justify;\">W przedsi\u0119biorstwie obowi\u0105zuje <a href=\"http:\/\/www.jtbs.pl\/wp-content\/uploads\/2016\/11\/regulamin-wynajmu.pdf\">regulamin wynajmu lokali mieszkaniowych<\/a>, stanowi\u0105cy za\u0142\u0105cznik do umowy sp\u00f3\u0142ki.<\/p>\n","protected":false},"excerpt":{"rendered":"<p>Towarzystwa Budownictwa Spo\u0142ecznego zosta\u0142y powo\u0142ane do \u017cycia na podstawie Ustawy o niekt\u00f3rych formach popierania budownictwa mieszkaniowego z dnia 26.10.1995 r. (Dz. U. z 1996 r. Nr 133, poz. 654; z p\u00f3\u017a. zmian.) oraz Rozporz\u0105dzenia Rady Ministr\u00f3w z dnia 4 lipca 2000 roku (Dz. U. Nr 62) w sprawie warunk\u00f3w i trybu udzielania kredyt\u00f3w i po\u017cyczek [&hellip;]<\/p>\n","protected":false},"author":1,"featured_media":0,"parent":14,"menu_order":0,"comment_status":"closed","ping_status":"closed","template":"","meta":{"footnotes":""},"class_list":["post-81","page","type-page","status-publish","hentry"],"_links":{"self":[{"href":"http:\/\/www.jtbs.pl\/index.php?rest_route=\/wp\/v2\/pages\/81","targetHints":{"allow":["GET"]}}],"collection":[{"href":"http:\/\/www.jtbs.pl\/index.php?rest_route=\/wp\/v2\/pages"}],"about":[{"href":"http:\/\/www.jtbs.pl\/index.php?rest_route=\/wp\/v2\/types\/page"}],"author":[{"embeddable":true,"href":"http:\/\/www.jtbs.pl\/index.php?rest_route=\/wp\/v2\/users\/1"}],"replies":[{"embeddable":true,"href":"http:\/\/www.jtbs.pl\/index.php?rest_route=%2Fwp%2Fv2%2Fcomments&post=81"}],"version-history":[{"count":4,"href":"http:\/\/www.jtbs.pl\/index.php?rest_route=\/wp\/v2\/pages\/81\/revisions"}],"predecessor-version":[{"id":88,"href":"http:\/\/www.jtbs.pl\/index.php?rest_route=\/wp\/v2\/pages\/81\/revisions\/88"}],"up":[{"embeddable":true,"href":"http:\/\/www.jtbs.pl\/index.php?rest_route=\/wp\/v2\/pages\/14"}],"wp:attachment":[{"href":"http:\/\/www.jtbs.pl\/index.php?rest_route=%2Fwp%2Fv2%2Fmedia&parent=81"}],"curies":[{"name":"wp","href":"https:\/\/api.w.org\/{rel}","templated":true}]}}