{"id":93,"date":"2016-11-02T21:53:55","date_gmt":"2016-11-02T21:53:55","guid":{"rendered":"http:\/\/www.jtbs.pl\/?page_id=93"},"modified":"2016-11-02T22:11:43","modified_gmt":"2016-11-02T22:11:43","slug":"minimalna-powierzchnia-uzytkowa-mieszkan","status":"publish","type":"page","link":"http:\/\/www.jtbs.pl\/?page_id=93","title":{"rendered":"Minimalna powierzchnia u\u017cytkowa mieszka\u0144"},"content":{"rendered":"<p style=\"text-align: justify;\">Minimaln\u0105 powierzchni\u0119 u\u017cytkow\u0105, jak\u0105 powinno posiada\u0107 oddawane w najem mieszkanie, w zale\u017cno\u015bci od liczby maj\u0105cych zamieszka\u0107 w nim os\u00f3b, przedstawia poni\u017csza tabela.<\/p>\n\n<table id=\"tablepress-3\" class=\"tablepress tablepress-id-3\">\n<thead>\n<tr class=\"row-1 odd\">\n\t<th class=\"column-1\">Liczba os\u00f3b w gospodarstwie domowym<\/th><th class=\"column-2\">Minimalna powierzchnia u\u017cytkowa mieszkania w m\u00b2<\/th>\n<\/tr>\n<\/thead>\n<tbody class=\"row-hover\">\n<tr class=\"row-2 even\">\n\t<td class=\"column-1\">1<\/td><td class=\"column-2\">25<\/td>\n<\/tr>\n<tr class=\"row-3 odd\">\n\t<td class=\"column-1\">2<\/td><td class=\"column-2\">32<\/td>\n<\/tr>\n<tr class=\"row-4 even\">\n\t<td class=\"column-1\">3<\/td><td class=\"column-2\">44<\/td>\n<\/tr>\n<tr class=\"row-5 odd\">\n\t<td class=\"column-1\">4<\/td><td class=\"column-2\">52<\/td>\n<\/tr>\n<tr class=\"row-6 even\">\n\t<td class=\"column-1\">5<\/td><td class=\"column-2\">63<\/td>\n<\/tr>\n<tr class=\"row-7 odd\">\n\t<td class=\"column-1\">6 i wi\u0119cej<\/td><td class=\"column-2\">69<\/td>\n<\/tr>\n<\/tbody>\n<\/table>\n<!-- #tablepress-3 from cache -->\n","protected":false},"excerpt":{"rendered":"<p>Minimaln\u0105 powierzchni\u0119 u\u017cytkow\u0105, jak\u0105 powinno posiada\u0107 oddawane w najem mieszkanie, w zale\u017cno\u015bci od liczby maj\u0105cych zamieszka\u0107 w nim os\u00f3b, przedstawia poni\u017csza tabela.<\/p>\n","protected":false},"author":1,"featured_media":0,"parent":41,"menu_order":0,"comment_status":"closed","ping_status":"closed","template":"","meta":{"footnotes":""},"class_list":["post-93","page","type-page","status-publish","hentry"],"_links":{"self":[{"href":"http:\/\/www.jtbs.pl\/index.php?rest_route=\/wp\/v2\/pages\/93","targetHints":{"allow":["GET"]}}],"collection":[{"href":"http:\/\/www.jtbs.pl\/index.php?rest_route=\/wp\/v2\/pages"}],"about":[{"href":"http:\/\/www.jtbs.pl\/index.php?rest_route=\/wp\/v2\/types\/page"}],"author":[{"embeddable":true,"href":"http:\/\/www.jtbs.pl\/index.php?rest_route=\/wp\/v2\/users\/1"}],"replies":[{"embeddable":true,"href":"http:\/\/www.jtbs.pl\/index.php?rest_route=%2Fwp%2Fv2%2Fcomments&post=93"}],"version-history":[{"count":2,"href":"http:\/\/www.jtbs.pl\/index.php?rest_route=\/wp\/v2\/pages\/93\/revisions"}],"predecessor-version":[{"id":102,"href":"http:\/\/www.jtbs.pl\/index.php?rest_route=\/wp\/v2\/pages\/93\/revisions\/102"}],"up":[{"embeddable":true,"href":"http:\/\/www.jtbs.pl\/index.php?rest_route=\/wp\/v2\/pages\/41"}],"wp:attachment":[{"href":"http:\/\/www.jtbs.pl\/index.php?rest_route=%2Fwp%2Fv2%2Fmedia&parent=93"}],"curies":[{"name":"wp","href":"https:\/\/api.w.org\/{rel}","templated":true}]}}